{"id":446,"date":"2025-12-09T07:02:33","date_gmt":"2025-12-09T07:02:33","guid":{"rendered":"https:\/\/demo.zieno.com.tr\/?page_id=446"},"modified":"2025-12-09T07:02:33","modified_gmt":"2025-12-09T07:02:33","slug":"cerezlergymen","status":"publish","type":"page","link":"https:\/\/zieno.com.tr\/ru\/cerezlergymen\/","title":{"rendered":"\u041f\u0435\u0447\u0435\u043d\u044c\u0435"},"content":{"rendered":"<p>\u041f\u041e\u041b\u0418\u0422\u0418\u041a\u0410 \u0412 \u041e\u0422\u041d\u041e\u0428\u0415\u041d\u0418\u0418 \u041a\u0423\u041a\u0418<br \/>\nwww.zieno.com.tr<br \/>\n\u041a\u041e\u041c\u041f\u0410\u041d\u0418\u042f HAMLE OFFICE FURNITURE INDUSTRY AND TRADE LIMITED COMPANY<\/p>\n<p>\u041d\u0430\u0441\u0442\u043e\u044f\u0449\u0430\u044f \u041f\u043e\u043b\u0438\u0442\u0438\u043a\u0430 \u0432 \u043e\u0442\u043d\u043e\u0448\u0435\u043d\u0438\u0438 \u0444\u0430\u0439\u043b\u043e\u0432 cookie \u043e\u0431\u044a\u044f\u0441\u043d\u044f\u0435\u0442, \u043a\u0430\u043a\u0438\u0435 \u0442\u0438\u043f\u044b \u0444\u0430\u0439\u043b\u043e\u0432 cookie \u0438\u0441\u043f\u043e\u043b\u044c\u0437\u0443\u044e\u0442\u0441\u044f \u043f\u0440\u0438 \u043f\u043e\u0441\u0435\u0449\u0435\u043d\u0438\u0438 \u043d\u0430\u0448\u0435\u0433\u043e \u0432\u0435\u0431-\u0441\u0430\u0439\u0442\u0430 www.zieno.com.tr (\u201c\u0421\u0430\u0439\u0442\u201d), \u0432 \u043a\u0430\u043a\u0438\u0445 \u0446\u0435\u043b\u044f\u0445 \u043e\u0431\u0440\u0430\u0431\u0430\u0442\u044b\u0432\u0430\u044e\u0442\u0441\u044f \u0444\u0430\u0439\u043b\u044b cookie \u0438 \u043a\u0430\u043a \u043f\u043e\u043b\u044c\u0437\u043e\u0432\u0430\u0442\u0435\u043b\u0438 \u043c\u043e\u0433\u0443\u0442 \u0443\u043f\u0440\u0430\u0432\u043b\u044f\u0442\u044c \u0441\u0432\u043e\u0438\u043c\u0438 \u043f\u0440\u0435\u0434\u043f\u043e\u0447\u0442\u0435\u043d\u0438\u044f\u043c\u0438 \u0432 \u043e\u0442\u043d\u043e\u0448\u0435\u043d\u0438\u0438 \u0444\u0430\u0439\u043b\u043e\u0432 cookie.<\/p>\n<p>1. \u0427\u0442\u043e \u0442\u0430\u043a\u043e\u0435 \u043f\u0435\u0447\u0435\u043d\u044c\u0435?<br \/>\n\u0424\u0430\u0439\u043b\u044b cookie (\u201c\u043a\u0443\u043a\u0438\u201d) - \u044d\u0442\u043e \u043d\u0435\u0431\u043e\u043b\u044c\u0448\u0438\u0435 \u0444\u0430\u0439\u043b\u044b \u0434\u0430\u043d\u043d\u044b\u0445, \u043a\u043e\u0442\u043e\u0440\u044b\u0435 \u0441\u043e\u0445\u0440\u0430\u043d\u044f\u044e\u0442\u0441\u044f \u0432 \u0432\u0430\u0448\u0435\u043c \u0431\u0440\u0430\u0443\u0437\u0435\u0440\u0435 \u0438\u043b\u0438 \u0443\u0441\u0442\u0440\u043e\u0439\u0441\u0442\u0432\u0435 \u043f\u0440\u0438 \u043f\u043e\u0441\u0435\u0449\u0435\u043d\u0438\u0438 \u0432\u0435\u0431-\u0441\u0430\u0439\u0442\u0430.<br \/>\n\u0424\u0430\u0439\u043b\u044b cookie \u043c\u043e\u0433\u0443\u0442 \u0438\u0441\u043f\u043e\u043b\u044c\u0437\u043e\u0432\u0430\u0442\u044c\u0441\u044f \u0434\u043b\u044f \u043e\u0431\u0435\u0441\u043f\u0435\u0447\u0435\u043d\u0438\u044f \u0440\u0430\u0431\u043e\u0442\u044b \u0421\u0430\u0439\u0442\u0430, \u0443\u043b\u0443\u0447\u0448\u0435\u043d\u0438\u044f \u043f\u043e\u043b\u044c\u0437\u043e\u0432\u0430\u0442\u0435\u043b\u044c\u0441\u043a\u043e\u0433\u043e \u043e\u043f\u044b\u0442\u0430, \u043f\u043e\u0432\u044b\u0448\u0435\u043d\u0438\u044f \u0431\u0435\u0437\u043e\u043f\u0430\u0441\u043d\u043e\u0441\u0442\u0438, \u0441\u0431\u043e\u0440\u0430 \u0441\u0442\u0430\u0442\u0438\u0441\u0442\u0438\u043a\u0438 \u0438 \u043f\u0440\u0435\u0434\u043e\u0441\u0442\u0430\u0432\u043b\u0435\u043d\u0438\u044f \u043f\u0435\u0440\u0441\u043e\u043d\u0430\u043b\u0438\u0437\u0438\u0440\u043e\u0432\u0430\u043d\u043d\u043e\u0433\u043e \u043a\u043e\u043d\u0442\u0435\u043d\u0442\u0430.<\/p>\n<p>2. \u0422\u0438\u043f\u044b \u0438\u0441\u043f\u043e\u043b\u044c\u0437\u0443\u0435\u043c\u044b\u0445 \u0444\u0430\u0439\u043b\u043e\u0432 cookie<br \/>\n\u041d\u0430 \u043d\u0430\u0448\u0435\u043c \u0441\u0430\u0439\u0442\u0435 \u0438\u0441\u043f\u043e\u043b\u044c\u0437\u0443\u044e\u0442\u0441\u044f \u0441\u043b\u0435\u0434\u0443\u044e\u0449\u0438\u0435 \u0442\u0438\u043f\u044b \u0444\u0430\u0439\u043b\u043e\u0432 cookie:<\/p>\n<p>2.1 \u041e\u0431\u044f\u0437\u0430\u0442\u0435\u043b\u044c\u043d\u044b\u0435 (\u0431\u0430\u0437\u043e\u0432\u044b\u0435) \u0444\u0430\u0439\u043b\u044b cookie<br \/>\n\u042d\u0442\u043e \u043d\u0435\u043e\u0431\u0445\u043e\u0434\u0438\u043c\u043e \u0434\u043b\u044f \u0444\u0443\u043d\u043a\u0446\u0438\u043e\u043d\u0438\u0440\u043e\u0432\u0430\u043d\u0438\u044f \u0441\u0430\u0439\u0442\u0430.<br \/>\n\u041e\u043d \u043e\u0431\u0435\u0441\u043f\u0435\u0447\u0438\u0432\u0430\u0435\u0442 \u0442\u0430\u043a\u0438\u0435 \u0444\u0443\u043d\u043a\u0446\u0438\u0438, \u043a\u0430\u043a \u0431\u0435\u0437\u043e\u043f\u0430\u0441\u043d\u043e\u0441\u0442\u044c, \u0443\u043f\u0440\u0430\u0432\u043b\u0435\u043d\u0438\u0435 \u0441\u0435\u0441\u0441\u0438\u044f\u043c\u0438, \u043a\u043e\u0440\u0437\u0438\u043d\u0430, \u0444\u043e\u0440\u043c\u044b.<br \/>\n\u042d\u0442\u0438 \u0444\u0430\u0439\u043b\u044b cookie \u043d\u0435\u043b\u044c\u0437\u044f \u0434\u0435\u0430\u043a\u0442\u0438\u0432\u0438\u0440\u043e\u0432\u0430\u0442\u044c.<br \/>\n\u041f\u0440\u0438\u043c\u0435\u0440:<\/p>\n<p>\u0418\u0434\u0435\u043d\u0442\u0438\u0444\u0438\u043a\u0430\u0442\u043e\u0440 \u0441\u0435\u0430\u043d\u0441\u0430 (\u0441\u0435\u0441\u0441\u0438\u0438)<br \/>\n\u0424\u0430\u0439\u043b\u044b cookie \u0434\u043b\u044f \u043f\u0440\u043e\u0432\u0435\u0440\u043a\u0438 \u0431\u0435\u0437\u043e\u043f\u0430\u0441\u043d\u043e\u0441\u0442\u0438<br \/>\n\u041a\u043e\u0440\u0437\u0438\u043d\u0430 \/ \u043b\u044e\u0431\u0438\u043c\u043e\u0435 \u043f\u0435\u0447\u0435\u043d\u044c\u0435<br \/>\n2.2 \u0424\u0430\u0439\u043b\u044b cookie \u0434\u043b\u044f \u043e\u0446\u0435\u043d\u043a\u0438 \u043f\u0440\u043e\u0438\u0437\u0432\u043e\u0434\u0438\u0442\u0435\u043b\u044c\u043d\u043e\u0441\u0442\u0438 \u0438 \u0430\u043d\u0430\u043b\u0438\u0442\u0438\u043a\u0438<br \/>\nCookies, \u043a\u043e\u0442\u043e\u0440\u044b\u0435 \u0430\u043d\u043e\u043d\u0438\u043c\u043d\u043e \u0438\u0437\u043c\u0435\u0440\u044f\u044e\u0442 \u043f\u043e\u0432\u0435\u0434\u0435\u043d\u0438\u0435 \u043f\u043e\u0441\u0435\u0442\u0438\u0442\u0435\u043b\u0435\u0439.<br \/>\n\u041e\u043d \u043f\u043e\u0437\u0432\u043e\u043b\u044f\u0435\u0442 \u0441\u043e\u0431\u0438\u0440\u0430\u0442\u044c \u0442\u0430\u043a\u0438\u0435 \u0434\u0430\u043d\u043d\u044b\u0435, \u043a\u0430\u043a \u0430\u043d\u0430\u043b\u0438\u0437 \u0442\u0440\u0430\u0444\u0438\u043a\u0430, \u043f\u0440\u043e\u0438\u0437\u0432\u043e\u0434\u0438\u0442\u0435\u043b\u044c\u043d\u043e\u0441\u0442\u044c \u0441\u0442\u0440\u0430\u043d\u0438\u0446, \u0442\u0435\u043f\u043b\u043e\u0432\u044b\u0435 \u043a\u0430\u0440\u0442\u044b \u043a\u043b\u0438\u043a\u043e\u0432.<br \/>\n\u041c\u043e\u0436\u043d\u043e \u0438\u0441\u043f\u043e\u043b\u044c\u0437\u043e\u0432\u0430\u0442\u044c \u0441\u0442\u043e\u0440\u043e\u043d\u043d\u0438\u0435 \u0438\u043d\u0441\u0442\u0440\u0443\u043c\u0435\u043d\u0442\u044b \u0430\u043d\u0430\u043b\u0438\u0442\u0438\u043a\u0438 (Google Analytics \u0438 \u0442. \u0434.).<br \/>\n\u042d\u0442\u0438 \u0444\u0430\u0439\u043b\u044b cookie \u043f\u043e\u0434\u043b\u0435\u0436\u0430\u0442 \u044f\u0432\u043d\u043e\u043c\u0443 \u0441\u043e\u0433\u043b\u0430\u0441\u0438\u044e \u043f\u043e\u043b\u044c\u0437\u043e\u0432\u0430\u0442\u0435\u043b\u044f.<\/p>\n<p>2.3 \u0424\u0443\u043d\u043a\u0446\u0438\u043e\u043d\u0430\u043b\u044c\u043d\u044b\u0435 \u0444\u0430\u0439\u043b\u044b cookie<br \/>\n\u041e\u043d \u043f\u043e\u0437\u0432\u043e\u043b\u044f\u0435\u0442 \u0437\u0430\u043f\u043e\u043c\u043d\u0438\u0442\u044c \u043f\u0440\u0435\u0434\u043f\u043e\u0447\u0442\u0435\u043d\u0438\u044f \u043f\u043e\u043b\u044c\u0437\u043e\u0432\u0430\u0442\u0435\u043b\u044f (\u044f\u0437\u044b\u043a, \u0440\u0435\u0433\u0438\u043e\u043d, \u0442\u0435\u043c\u0443 \u0438 \u0442.\u0434.).<br \/>\n\u042d\u0442\u043e \u043f\u043e\u0437\u0432\u043e\u043b\u044f\u0435\u0442 \u0441\u0430\u0439\u0442\u0443 \u0440\u0430\u0431\u043e\u0442\u0430\u0442\u044c \u0432 \u0441\u043e\u043e\u0442\u0432\u0435\u0442\u0441\u0442\u0432\u0438\u0438 \u0441 \u043f\u043e\u0442\u0440\u0435\u0431\u043d\u043e\u0441\u0442\u044f\u043c\u0438 \u043f\u043e\u043b\u044c\u0437\u043e\u0432\u0430\u0442\u0435\u043b\u0435\u0439.<br \/>\n2.4 \u041c\u0430\u0440\u043a\u0435\u0442\u0438\u043d\u0433\u043e\u0432\u044b\u0435 \/ \u0446\u0435\u043b\u0435\u0432\u044b\u0435 \u0444\u0430\u0439\u043b\u044b cookie<br \/>\n\u041e\u043d \u0438\u0441\u043f\u043e\u043b\u044c\u0437\u0443\u0435\u0442\u0441\u044f \u0434\u043b\u044f \u043f\u043e\u043a\u0430\u0437\u0430 \u0440\u0435\u043a\u043b\u0430\u043c\u044b \u0432 \u0441\u043e\u043e\u0442\u0432\u0435\u0442\u0441\u0442\u0432\u0438\u0438 \u0441 \u0438\u043d\u0442\u0435\u0440\u0435\u0441\u0430\u043c\u0438 \u043f\u043e\u043b\u044c\u0437\u043e\u0432\u0430\u0442\u0435\u043b\u044f.<br \/>\n\u041e\u043d\u0430 \u043c\u043e\u0436\u0435\u0442 \u0431\u044b\u0442\u044c \u043f\u0435\u0440\u0435\u0434\u0430\u043d\u0430 \u0441\u0442\u043e\u0440\u043e\u043d\u043d\u0438\u043c \u0440\u0435\u043a\u043b\u0430\u043c\u043d\u044b\u043c \u0441\u0435\u0442\u044f\u043c.<br \/>\n\u0412 \u044d\u0442\u0443 \u0433\u0440\u0443\u043f\u043f\u0443 \u0432\u0445\u043e\u0434\u044f\u0442 \u0444\u0430\u0439\u043b\u044b cookie \u0434\u043b\u044f \u0446\u0435\u043b\u0435\u0439 \u0440\u0435\u043c\u0430\u0440\u043a\u0435\u0442\u0438\u043d\u0433\u0430.<br \/>\n\u042d\u0442\u0438 \u0444\u0430\u0439\u043b\u044b cookie \u0442\u0440\u0435\u0431\u0443\u044e\u0442 \u044f\u0432\u043d\u043e\u0433\u043e \u0441\u043e\u0433\u043b\u0430\u0441\u0438\u044f.<\/p>\n<p>3. \u0434\u043b\u044f \u043a\u0430\u043a\u0438\u0445 \u0446\u0435\u043b\u0435\u0439 \u0438\u0441\u043f\u043e\u043b\u044c\u0437\u0443\u044e\u0442\u0441\u044f \u0444\u0430\u0439\u043b\u044b cookie?<br \/>\n\u0414\u043b\u044f \u043e\u0431\u0435\u0441\u043f\u0435\u0447\u0435\u043d\u0438\u044f \u0431\u0435\u0437\u043e\u043f\u0430\u0441\u043d\u043e\u0439 \u0440\u0430\u0431\u043e\u0442\u044b \u0421\u0430\u0439\u0442\u0430<br \/>\n\u0420\u0430\u0431\u043e\u0442\u0430 \u043f\u0440\u043e\u0446\u0435\u0441\u0441\u043e\u0432 \u0437\u0430\u043a\u0430\u0437\u0430 (\u043a\u043e\u0440\u0437\u0438\u043d\u0430, \u043e\u043f\u043b\u0430\u0442\u0430, \u0441\u0435\u0441\u0441\u0438\u044f)<br \/>\n\u0414\u043b\u044f \u0432\u044b\u043f\u043e\u043b\u043d\u0435\u043d\u0438\u044f \u043f\u0440\u043e\u0446\u0435\u0434\u0443\u0440 \u0432\u0445\u043e\u0434\u0430 \u0432 \u0443\u0447\u0435\u0442\u043d\u0443\u044e \u0437\u0430\u043f\u0438\u0441\u044c \u043f\u043e\u043b\u044c\u0437\u043e\u0432\u0430\u0442\u0435\u043b\u044f<br \/>\n\u0410\u043d\u0430\u043b\u0438\u0437 \u043f\u043e\u0441\u0435\u0449\u0430\u0435\u043c\u043e\u0441\u0442\u0438 \u0441\u0430\u0439\u0442\u0430<br \/>\n\u0417\u0430\u043f\u043e\u043c\u0438\u043d\u0430\u043d\u0438\u0435 \u043f\u0440\u0435\u0434\u043f\u043e\u0447\u0442\u0435\u043d\u0438\u0439 \u043f\u043e\u043b\u044c\u0437\u043e\u0432\u0430\u0442\u0435\u043b\u044f<br \/>\n\u041f\u0435\u0440\u0441\u043e\u043d\u0430\u043b\u0438\u0437\u0430\u0446\u0438\u044f \u043a\u043e\u043d\u0442\u0435\u043d\u0442\u0430 \u0438 \u0440\u0435\u043a\u043b\u0430\u043c\u044b<br \/>\n\u0418\u0437\u043c\u0435\u0440\u044f\u0439\u0442\u0435 \u0438 \u0443\u043b\u0443\u0447\u0448\u0430\u0439\u0442\u0435 \u043f\u0440\u043e\u0438\u0437\u0432\u043e\u0434\u0438\u0442\u0435\u043b\u044c\u043d\u043e\u0441\u0442\u044c<br \/>\n\u041e\u0431\u043d\u0430\u0440\u0443\u0436\u0435\u043d\u0438\u0435 \u043c\u043e\u0448\u0435\u043d\u043d\u0438\u0447\u0435\u0441\u0442\u0432\u0430 \u0438 \u043f\u0440\u043e\u0432\u0435\u0440\u043a\u0430 \u0431\u0435\u0437\u043e\u043f\u0430\u0441\u043d\u043e\u0441\u0442\u0438<br \/>\n4. \u0423\u043f\u0440\u0430\u0432\u043b\u0435\u043d\u0438\u0435 \u0444\u0430\u0439\u043b\u0430\u043c\u0438 cookie<br \/>\n\u041f\u043e\u0441\u0435\u0442\u0438\u0442\u0435\u043b\u0438 \u043c\u043e\u0433\u0443\u0442 \u0443\u043f\u0440\u0430\u0432\u043b\u044f\u0442\u044c \u0441\u0432\u043e\u0438\u043c\u0438 \u0440\u0430\u0437\u0440\u0435\u0448\u0435\u043d\u0438\u044f\u043c\u0438 \u043d\u0430 \u0438\u0441\u043f\u043e\u043b\u044c\u0437\u043e\u0432\u0430\u043d\u0438\u0435 \u0444\u0430\u0439\u043b\u043e\u0432 cookie \u0441\u043b\u0435\u0434\u0443\u044e\u0449\u0438\u043c\u0438 \u0441\u043f\u043e\u0441\u043e\u0431\u0430\u043c\u0438:<\/p>\n<p>4.1 \u041d\u0430\u0441\u0442\u0440\u043e\u0439\u043a\u0438 \u0431\u0440\u0430\u0443\u0437\u0435\u0440\u0430<br \/>\n\u0411\u043b\u043e\u043a\u0438\u0440\u043e\u0432\u0430\u0442\u044c \u0432\u0441\u0435 \u0444\u0430\u0439\u043b\u044b cookie<br \/>\n\u041f\u0440\u0438\u043d\u0438\u043c\u0430\u0439\u0442\u0435 \u0444\u0430\u0439\u043b\u044b cookie \u0442\u043e\u043b\u044c\u043a\u043e \u0441 \u043e\u043f\u0440\u0435\u0434\u0435\u043b\u0435\u043d\u043d\u044b\u0445 \u0441\u0430\u0439\u0442\u043e\u0432<br \/>\n\u041f\u0440\u043e\u0441\u043c\u043e\u0442\u0440 \u0443\u0432\u0435\u0434\u043e\u043c\u043b\u0435\u043d\u0438\u0439 \u043e cookie<br \/>\n\u0423\u0434\u0430\u043b\u0438\u0442\u044c \u0441\u043e\u0445\u0440\u0430\u043d\u0435\u043d\u043d\u044b\u0435 \u0444\u0430\u0439\u043b\u044b cookie<br \/>\n\u041f\u043e\u043f\u0443\u043b\u044f\u0440\u043d\u044b\u0435 \u0441\u0441\u044b\u043b\u043a\u0438 \u043d\u0430 \u0443\u043f\u0440\u0430\u0432\u043b\u0435\u043d\u0438\u0435 \u0431\u0440\u0430\u0443\u0437\u0435\u0440\u043e\u043c:<\/p>\n<p>Chrome: chrome:\/\/settings\/cookies<br \/>\nFirefox: about:preferences#privacy<br \/>\nSafari: \u041d\u0430\u0441\u0442\u0440\u043e\u0439\u043a\u0438 \u2192 \u041a\u043e\u043d\u0444\u0438\u0434\u0435\u043d\u0446\u0438\u0430\u043b\u044c\u043d\u043e\u0441\u0442\u044c<br \/>\n\u041a\u0440\u0430\u0439: edge:\/\/settings\/content\/cookies<br \/>\n4.2 \u041f\u0430\u043d\u0435\u043b\u044c \u0443\u043f\u0440\u0430\u0432\u043b\u0435\u043d\u0438\u044f \u0444\u0430\u0439\u043b\u0430\u043c\u0438 cookie (\u0431\u0430\u043d\u043d\u0435\u0440 \u0441\u043e\u0433\u043b\u0430\u0441\u0438\u044f)<br \/>\n\u0421 \u043f\u043e\u043c\u043e\u0449\u044c\u044e \u044d\u043a\u0440\u0430\u043d\u0430 \u0441\u043e\u0433\u043b\u0430\u0441\u0438\u044f \u043d\u0430 \u0438\u0441\u043f\u043e\u043b\u044c\u0437\u043e\u0432\u0430\u043d\u0438\u0435 \u0444\u0430\u0439\u043b\u043e\u0432 cookie \u043d\u0430 \u043d\u0430\u0448\u0435\u043c \u0441\u0430\u0439\u0442\u0435:<\/p>\n<p>\u0412\u043a\u043b\u044e\u0447\u0435\u043d\u0438\u0435\/\u0432\u044b\u043a\u043b\u044e\u0447\u0435\u043d\u0438\u0435 \u0430\u043d\u0430\u043b\u0438\u0442\u0438\u0447\u0435\u0441\u043a\u0438\u0445 \u0444\u0430\u0439\u043b\u043e\u0432 cookie<br \/>\n\u0412\u043a\u043b\u044e\u0447\u0435\u043d\u0438\u0435\/\u0432\u044b\u043a\u043b\u044e\u0447\u0435\u043d\u0438\u0435 \u043c\u0430\u0440\u043a\u0435\u0442\u0438\u043d\u0433\u043e\u0432\u044b\u0445 \u0444\u0430\u0439\u043b\u043e\u0432 cookie<br \/>\n\u0418\u043d\u0444\u043e\u0440\u043c\u0430\u0446\u0438\u044f \u043e\u0431 \u043e\u0431\u044f\u0437\u0430\u0442\u0435\u043b\u044c\u043d\u044b\u0445 \u0444\u0430\u0439\u043b\u0430\u0445 cookie<br \/>\n\u0432\u043e\u0437\u043c\u043e\u0436\u043d\u043e.<\/p>\n<p>5. \u0441\u0442\u043e\u0440\u043e\u043d\u043d\u0438\u0435 \u0444\u0430\u0439\u043b\u044b cookie<br \/>\nGoogle Analytics, Meta Pixel, Hotjar \u0438 \u0442. \u0434. \u0421\u0442\u043e\u0440\u043e\u043d\u043d\u0438\u0435 \u0444\u0430\u0439\u043b\u044b cookie \u043c\u043e\u0433\u0443\u0442 \u0438\u0441\u043f\u043e\u043b\u044c\u0437\u043e\u0432\u0430\u0442\u044c\u0441\u044f \u0447\u0435\u0440\u0435\u0437 \u043f\u043e\u0441\u0442\u0430\u0432\u0449\u0438\u043a\u043e\u0432 \u0443\u0441\u043b\u0443\u0433.<br \/>\n\u042d\u0442\u0438 \u043f\u043e\u0441\u0442\u0430\u0432\u0449\u0438\u043a\u0438 \u043d\u0435\u0441\u0443\u0442 \u043f\u0440\u044f\u043c\u0443\u044e \u043e\u0442\u0432\u0435\u0442\u0441\u0442\u0432\u0435\u043d\u043d\u043e\u0441\u0442\u044c \u0437\u0430 \u0441\u0432\u043e\u044e \u043f\u043e\u043b\u0438\u0442\u0438\u043a\u0443 \u0432 \u043e\u0442\u043d\u043e\u0448\u0435\u043d\u0438\u0438 \u0444\u0430\u0439\u043b\u043e\u0432 cookie.<\/p>\n<p>6. \u043e\u0431\u0440\u0430\u0431\u043e\u0442\u043a\u0430 \u0438 \u0437\u0430\u0449\u0438\u0442\u0430 \u043f\u0435\u0440\u0441\u043e\u043d\u0430\u043b\u044c\u043d\u044b\u0445 \u0434\u0430\u043d\u043d\u044b\u0445<br \/>\n\u041f\u0435\u0440\u0441\u043e\u043d\u0430\u043b\u044c\u043d\u044b\u0435 \u0434\u0430\u043d\u043d\u044b\u0435, \u043f\u043e\u043b\u0443\u0447\u0435\u043d\u043d\u044b\u0435 \u0441 \u043f\u043e\u043c\u043e\u0449\u044c\u044e \u0444\u0430\u0439\u043b\u043e\u0432 cookie; \u041e\u043d\u0438 \u043e\u0431\u0440\u0430\u0431\u0430\u0442\u044b\u0432\u0430\u044e\u0442\u0441\u044f \u0432 \u0441\u043e\u043e\u0442\u0432\u0435\u0442\u0441\u0442\u0432\u0438\u0438 \u0441 KVKK \u0438 \u0441\u043e\u043e\u0442\u0432\u0435\u0442\u0441\u0442\u0432\u0443\u044e\u0449\u0438\u043c \u0437\u0430\u043a\u043e\u043d\u043e\u0434\u0430\u0442\u0435\u043b\u044c\u0441\u0442\u0432\u043e\u043c.<br \/>\n\u0414\u043b\u044f \u043f\u043e\u043b\u0443\u0447\u0435\u043d\u0438\u044f \u043f\u043e\u0434\u0440\u043e\u0431\u043d\u043e\u0439 \u0438\u043d\u0444\u043e\u0440\u043c\u0430\u0446\u0438\u0438:<\/p>\n<p>\u0420\u0430\u0437\u044a\u044f\u0441\u043d\u0438\u0442\u0435\u043b\u044c\u043d\u044b\u0439 \u0442\u0435\u043a\u0441\u0442 KVKK<br \/>\n\u041f\u043e\u043b\u0438\u0442\u0438\u043a\u0430 \u043a\u043e\u043d\u0444\u0438\u0434\u0435\u043d\u0446\u0438\u0430\u043b\u044c\u043d\u043e\u0441\u0442\u0438<br \/>\n7. \u0421\u0440\u043e\u043a\u0438 \u0445\u0440\u0430\u043d\u0435\u043d\u0438\u044f \u0444\u0430\u0439\u043b\u043e\u0432 cookie<br \/>\n\u0412 \u0437\u0430\u0432\u0438\u0441\u0438\u043c\u043e\u0441\u0442\u0438 \u043e\u0442 \u0442\u0438\u043f\u0430, \u0444\u0430\u0439\u043b\u044b cookie \u043c\u043e\u0433\u0443\u0442 \u0445\u0440\u0430\u043d\u0438\u0442\u044c\u0441\u044f \u0434\u043e \u0437\u0430\u043a\u0440\u044b\u0442\u0438\u044f \u0431\u0440\u0430\u0443\u0437\u0435\u0440\u0430 (\u0441\u0435\u0441\u0441\u0438\u043e\u043d\u043d\u044b\u0439 cookie) \u0438\u043b\u0438 \u0432 \u0442\u0435\u0447\u0435\u043d\u0438\u0435 \u043e\u043f\u0440\u0435\u0434\u0435\u043b\u0435\u043d\u043d\u043e\u0433\u043e \u043f\u0435\u0440\u0438\u043e\u0434\u0430 \u0432\u0440\u0435\u043c\u0435\u043d\u0438 (\u043f\u043e\u0441\u0442\u043e\u044f\u043d\u043d\u044b\u0439 cookie).<br \/>\n\u0421\u0440\u043e\u043a\u0438 \u0445\u0440\u0430\u043d\u0435\u043d\u0438\u044f \u0437\u0430\u0432\u0438\u0441\u044f\u0442 \u043e\u0442 \u0442\u0438\u043f\u0430 cookie \u0438 \u043e\u0442\u043e\u0431\u0440\u0430\u0436\u0430\u044e\u0442\u0441\u044f \u0432 \u0431\u0440\u0430\u0443\u0437\u0435\u0440\u0435.<\/p>\n<p>8. \u041f\u0440\u0430\u0432\u043e \u043d\u0430 \u0432\u043d\u0435\u0441\u0435\u043d\u0438\u0435 \u0438\u0437\u043c\u0435\u043d\u0435\u043d\u0438\u0439 \u0432 \u043f\u043e\u043b\u0438\u0442\u0438\u043a\u0443 \u0432 \u043e\u0442\u043d\u043e\u0448\u0435\u043d\u0438\u0438 \u0444\u0430\u0439\u043b\u043e\u0432 cookie<br \/>\nHAMLE OF\u0130S FURNITURE INDUSTRY AND TRADE LIMITED COMPANY \u043e\u0441\u0442\u0430\u0432\u043b\u044f\u0435\u0442 \u0437\u0430 \u0441\u043e\u0431\u043e\u0439 \u043f\u0440\u0430\u0432\u043e \u043e\u0431\u043d\u043e\u0432\u043b\u044f\u0442\u044c \u0441\u0432\u043e\u044e \u043f\u043e\u043b\u0438\u0442\u0438\u043a\u0443 \u0432 \u043e\u0442\u043d\u043e\u0448\u0435\u043d\u0438\u0438 \u0444\u0430\u0439\u043b\u043e\u0432 cookie.<br \/>\n\u041e\u0431\u043d\u043e\u0432\u043b\u0435\u043d\u043d\u0430\u044f \u043f\u043e\u043b\u0438\u0442\u0438\u043a\u0430 \u0432\u0441\u0442\u0443\u043f\u0430\u0435\u0442 \u0432 \u0441\u0438\u043b\u0443 \u0441 \u043c\u043e\u043c\u0435\u043d\u0442\u0430 \u0435\u0435 \u043f\u0443\u0431\u043b\u0438\u043a\u0430\u0446\u0438\u0438 \u043d\u0430 \u0421\u0430\u0439\u0442\u0435.<\/p>\n<p>9. \u041e\u0431\u0449\u0435\u043d\u0438\u0435<br \/>\n\u0414\u043b\u044f \u0432\u0441\u0435\u0445 \u0437\u0430\u043f\u0440\u043e\u0441\u043e\u0432, \u043a\u0430\u0441\u0430\u044e\u0449\u0438\u0445\u0441\u044f \u0444\u0430\u0439\u043b\u043e\u0432 cookie \u0438 \u043e\u0431\u0440\u0430\u0431\u043e\u0442\u043a\u0438 \u043f\u0435\u0440\u0441\u043e\u043d\u0430\u043b\u044c\u043d\u044b\u0445 \u0434\u0430\u043d\u043d\u044b\u0445:<\/p>\n<p>\u041a\u041e\u041c\u041f\u0410\u041d\u0418\u042f HAMLE OFFICE FURNITURE INDUSTRY AND TRADE LIMITED COMPANY<br \/>\n\u0410\u0434\u0440\u0435\u0441: Yenibosna Merkez Mahallesi Mu\u015ftu Sokak No:40-42\/A Bah\u00e7elievler \/ Istanbul<br \/>\nE-mail: muhasebe@hamleofis.com<\/p>","protected":false},"excerpt":{"rendered":"<p>\u00c7EREZ POL\u0130T\u0130KASI www.zieno.com.tr HAMLE OF\u0130S MOB\u0130LYALARI SANAY\u0130 VE T\u0130CARET L\u0130M\u0130TED \u015e\u0130RKET\u0130 Bu \u00c7erez Politikas\u0131, web sitemiz www.zieno.com.tr (\u201cSite\u201d) ziyaret edildi\u011finde kullan\u0131lan \u00e7erez [&hellip;]<\/p>","protected":false},"author":1,"featured_media":0,"parent":0,"menu_order":0,"comment_status":"closed","ping_status":"closed","template":"","meta":{"footnotes":""},"class_list":["post-446","page","type-page","status-publish","hentry"],"_links":{"self":[{"href":"https:\/\/zieno.com.tr\/ru\/wp-json\/wp\/v2\/pages\/446","targetHints":{"allow":["GET"]}}],"collection":[{"href":"https:\/\/zieno.com.tr\/ru\/wp-json\/wp\/v2\/pages"}],"about":[{"href":"https:\/\/zieno.com.tr\/ru\/wp-json\/wp\/v2\/types\/page"}],"author":[{"embeddable":true,"href":"https:\/\/zieno.com.tr\/ru\/wp-json\/wp\/v2\/users\/1"}],"replies":[{"embeddable":true,"href":"https:\/\/zieno.com.tr\/ru\/wp-json\/wp\/v2\/comments?post=446"}],"version-history":[{"count":0,"href":"https:\/\/zieno.com.tr\/ru\/wp-json\/wp\/v2\/pages\/446\/revisions"}],"wp:attachment":[{"href":"https:\/\/zieno.com.tr\/ru\/wp-json\/wp\/v2\/media?parent=446"}],"curies":[{"name":"wp","href":"https:\/\/api.w.org\/{rel}","templated":true}]}}