{"id":2120,"date":"2026-01-14T11:55:39","date_gmt":"2026-01-14T11:55:39","guid":{"rendered":"https:\/\/zieno.com.tr\/?page_id=2120"},"modified":"2026-01-14T11:56:01","modified_gmt":"2026-01-14T11:56:01","slug":"%d1%81%d0%b5%d1%80%d0%b8%d1%8f-%d0%b2%d1%81%d0%bf%d1%8b%d1%88%d0%b5%d0%ba","status":"publish","type":"page","link":"https:\/\/zieno.com.tr\/ru\/%d1%81%d0%b5%d1%80%d0%b8%d1%8f-%d0%b2%d1%81%d0%bf%d1%8b%d1%88%d0%b5%d0%ba\/","title":{"rendered":"\u0421\u0435\u0440\u0438\u044f FLASH"},"content":{"rendered":"<div data-elementor-type=\"wp-page\" data-elementor-id=\"2120\" class=\"elementor elementor-2120\" data-elementor-post-type=\"page\">\n\t\t\t\t<div class=\"elementor-element elementor-element-f531f3b e-con-full e-flex e-con e-parent\" data-id=\"f531f3b\" data-element_type=\"container\">\n\t\t\t\t<div class=\"elementor-element elementor-element-b67dd79 elementor-widget elementor-widget-html\" data-id=\"b67dd79\" data-element_type=\"widget\" data-widget_type=\"html.default\">\n\t\t\t\t\t<!DOCTYPE html>\r\n<html lang=\"tr\">\r\n<head>\r\n    <meta charset=\"UTF-8\">\r\n    <meta name=\"viewport\" content=\"width=device-width, initial-scale=1.0\">\r\n    <title>\u0421\u0435\u0440\u0438\u044f FLASH - ZIENO<\/title>\r\n    <link href=\"https:\/\/fonts.googleapis.com\/css2?family=Inter:wght@400;500;600;700&display=swap\" rel=\"stylesheet\">\r\n    <link href=\"https:\/\/fonts.googleapis.com\/css2?family=Instrument+Serif:ital@0;1&display=swap\" rel=\"stylesheet\">\r\n    <link rel=\"stylesheet\" href=\"https:\/\/cdnjs.cloudflare.com\/ajax\/libs\/font-awesome\/6.4.0\/css\/all.min.css\">\r\n    <style>\r\n        :root {\r\n            --black: #000000;\r\n            --gray: #696D78;\r\n            --light-bg: #edede9;\r\n            --white: #ffffff;\r\n            --border: #e5e5e5;\r\n            --font-main: 'Inter', sans-serif;\r\n            --font-serif: 'Instrument Serif', serif;\r\n        }\r\n\r\n        * {\r\n            box-sizing: border-box;\r\n            margin: 0;\r\n            padding: 0;\r\n        }\r\n\r\n        body {\r\n            font-family: var(--font-main);\r\n            color: var(--black);\r\n            background: var(--white);\r\n            line-height: 1.6;\r\n        }\r\n\r\n        \/* Hero Section *\/\r\n        .product-hero {\r\n            background: var(--light-bg);\r\n            padding: 120px 20px 60px;\r\n            text-align: center;\r\n        }\r\n\r\n        .product-hero h1 {\r\n            font-family: var(--font-serif);\r\n            font-size: 3rem;\r\n            font-weight: 400;\r\n            margin-bottom: 15px;\r\n        }\r\n\r\n        .product-hero p {\r\n            font-size: 1.1rem;\r\n            color: var(--gray);\r\n            max-width: 600px;\r\n            margin: 0 auto;\r\n        }\r\n\r\n        \/* Gallery Section *\/\r\n        .gallery-section {\r\n            max-width: 1400px;\r\n            margin: 60px auto;\r\n            padding: 0 20px;\r\n        }\r\n\r\n        .gallery-grid {\r\n            display: grid;\r\n            grid-template-columns: repeat(2, 1fr);\r\n            gap: 20px;\r\n        }\r\n\r\n        .gallery-item {\r\n            position: relative;\r\n            aspect-ratio: 1\/1;\r\n            background: var(--light-bg);\r\n            border-radius: 8px;\r\n            overflow: hidden;\r\n            border: 1px solid var(--border);\r\n        }\r\n\r\n        .gallery-item img {\r\n            width: 100%;\r\n            height: 100%;\r\n            object-fit: cover;\r\n            transition: transform 0.4s ease;\r\n        }\r\n\r\n        .gallery-item:hover img {\r\n            transform: scale(1.05);\r\n        }\r\n\r\n        .gallery-label {\r\n            position: absolute;\r\n            bottom: 15px;\r\n            left: 15px;\r\n            background: rgba(255, 255, 255, 0.95);\r\n            padding: 8px 16px;\r\n            border-radius: 4px;\r\n            font-size: 0.85rem;\r\n            font-weight: 600;\r\n            color: var(--black);\r\n        }\r\n\r\n        \/* Info Section *\/\r\n        .info-section {\r\n            max-width: 1000px;\r\n            margin: 60px auto;\r\n            padding: 0 20px;\r\n            text-align: center;\r\n        }\r\n\r\n        .info-section h2 {\r\n            font-family: var(--font-serif);\r\n            font-size: 2rem;\r\n            margin-bottom: 20px;\r\n        }\r\n\r\n        .info-section p {\r\n            font-size: 1.05rem;\r\n            color: var(--gray);\r\n            line-height: 1.8;\r\n            margin-bottom: 30px;\r\n        }\r\n\r\n        .cta-button {\r\n            display: inline-flex;\r\n            align-items: center;\r\n            gap: 8px;\r\n            background: var(--black);\r\n            color: var(--white);\r\n            padding: 14px 32px;\r\n            border-radius: 4px;\r\n            text-decoration: none;\r\n            font-weight: 600;\r\n            font-size: 0.95rem;\r\n            transition: all 0.2s ease;\r\n        }\r\n\r\n        .cta-button:hover {\r\n            background: #333;\r\n        }\r\n\r\n        \/* Responsive *\/\r\n        @media (max-width: 768px) {\r\n            .product-hero {\r\n                padding: 100px 20px 40px;\r\n            }\r\n\r\n            .product-hero h1 {\r\n                font-size: 2rem;\r\n            }\r\n\r\n            .gallery-grid {\r\n                grid-template-columns: 1fr;\r\n                gap: 15px;\r\n            }\r\n\r\n            .info-section h2 {\r\n                font-size: 1.5rem;\r\n            }\r\n        }\r\n    <\/style>\r\n<\/head>\r\n<body>\r\n\r\n    <!-- Hero Section -->\r\n    <section class=\"product-hero\">\r\n        <h1>\u0421\u0435\u0440\u0438\u044f FLASH<\/h1>\r\n        <p>\u0421\u043e\u0432\u0440\u0435\u043c\u0435\u043d\u043d\u044b\u0439 \u0434\u0438\u0437\u0430\u0439\u043d \u0438 \u043f\u0440\u0435\u0432\u043e\u0441\u0445\u043e\u0434\u043d\u044b\u0439 \u043a\u043e\u043c\u0444\u043e\u0440\u0442 \u0432\u043c\u0435\u0441\u0442\u0435. \u0421\u0435\u0440\u0438\u044f FLASH, \u043a\u043e\u0442\u043e\u0440\u0430\u044f \u0434\u043e\u0431\u0430\u0432\u0438\u0442 \u0434\u0438\u043d\u0430\u043c\u0438\u0437\u043c\u0430 \u0432 \u043e\u0431\u0441\u0442\u0430\u043d\u043e\u0432\u043a\u0443 \u0432\u0430\u0448\u0435\u0433\u043e \u043e\u0444\u0438\u0441\u0430.<\/p>\r\n    <\/section>\r\n\r\n    <!-- Gallery Section -->\r\n    <section class=\"gallery-section\">\r\n        <div class=\"gallery-grid\">\r\n            <div class=\"gallery-item\">\r\n                <img decoding=\"async\" src=\"https:\/\/zieno.com.tr\/wp-content\/uploads\/2026\/01\/flash-u1.jpg\" alt=\"FLASH U1\" loading=\"lazy\">\r\n                <div class=\"gallery-label\">\u041c\u043e\u0434\u0435\u043b\u044c U1<\/div>\r\n            <\/div>\r\n            <div class=\"gallery-item\">\r\n                <img decoding=\"async\" src=\"https:\/\/zieno.com.tr\/wp-content\/uploads\/2026\/01\/flash-u2.jpg\" alt=\"FLASH U2\" loading=\"lazy\">\r\n                <div class=\"gallery-label\">\u041c\u043e\u0434\u0435\u043b\u044c U2<\/div>\r\n            <\/div>\r\n            <div class=\"gallery-item\">\r\n                <img decoding=\"async\" src=\"https:\/\/zieno.com.tr\/wp-content\/uploads\/2026\/01\/flash-c1.jpg\" alt=\"FLASH C1\" loading=\"lazy\">\r\n                <div class=\"gallery-label\">\u041c\u043e\u0434\u0435\u043b\u044c C1<\/div>\r\n            <\/div>\r\n            <div class=\"gallery-item\">\r\n                <img decoding=\"async\" src=\"https:\/\/zieno.com.tr\/wp-content\/uploads\/2026\/01\/flash-l1.jpg\" alt=\"FLASH L1\" loading=\"lazy\">\r\n                <div class=\"gallery-label\">\u041c\u043e\u0434\u0435\u043b\u044c L1<\/div>\r\n            <\/div>\r\n        <\/div>\r\n    <\/section>\r\n\r\n    <!-- Info Section -->\r\n    <section class=\"info-section\">\r\n        <h2>\u0425\u0430\u0440\u0430\u043a\u0442\u0435\u0440\u0438\u0441\u0442\u0438\u043a\u0438<\/h2>\r\n        <p>\r\n            \u0421\u0435\u0440\u0438\u044f FLASH \u0443\u0441\u0442\u0430\u043d\u0430\u0432\u043b\u0438\u0432\u0430\u0435\u0442 \u043d\u043e\u0432\u044b\u0439 \u0441\u0442\u0430\u043d\u0434\u0430\u0440\u0442 \u0432 \u043e\u0444\u0438\u0441\u043d\u043e\u0439 \u043c\u0435\u0431\u0435\u043b\u0438 \u0431\u043b\u0430\u0433\u043e\u0434\u0430\u0440\u044f \u044d\u0440\u0433\u043e\u043d\u043e\u043c\u0438\u0447\u043d\u043e\u043c\u0443 \u0434\u0438\u0437\u0430\u0439\u043d\u0443 \u0438 \u0441\u043e\u0432\u0440\u0435\u043c\u0435\u043d\u043d\u044b\u043c \u043b\u0438\u043d\u0438\u044f\u043c.\r\n            \u0411\u043b\u0430\u0433\u043e\u0434\u0430\u0440\u044f \u0432\u044b\u0441\u043e\u043a\u043e\u043a\u0430\u0447\u0435\u0441\u0442\u0432\u0435\u043d\u043d\u044b\u043c \u043c\u0430\u0442\u0435\u0440\u0438\u0430\u043b\u0430\u043c \u0438 \u0442\u0449\u0430\u0442\u0435\u043b\u044c\u043d\u043e\u043c\u0443 \u0438\u0441\u043f\u043e\u043b\u043d\u0435\u043d\u0438\u044e, FLASH \u043e\u0431\u0435\u0441\u043f\u0435\u0447\u0438\u0432\u0430\u0435\u0442 \u043c\u0430\u043a\u0441\u0438\u043c\u0430\u043b\u044c\u043d\u044b\u0439 \u043a\u043e\u043c\u0444\u043e\u0440\u0442 \u043f\u0440\u0438 \u0434\u043b\u0438\u0442\u0435\u043b\u044c\u043d\u043e\u043c \u0438\u0441\u043f\u043e\u043b\u044c\u0437\u043e\u0432\u0430\u043d\u0438\u0438.\r\n        <\/p>\r\n        <a href=\"\/ru\/%d0%be%d0%b1%d1%89%d0%b5%d0%bd%d0%b8%d0%b5\/\" class=\"cta-button\">\r\n            \u041f\u043e\u043b\u0443\u0447\u0438\u0442\u044c \u0446\u0435\u043d\u043e\u0432\u043e\u0435 \u043f\u0440\u0435\u0434\u043b\u043e\u0436\u0435\u043d\u0438\u0435\r\n            <i class=\"fa-solid fa-arrow-right\"><\/i>\r\n        <\/a>\r\n    <\/section>\r\n\r\n<\/body>\r\n<\/html>\r\n\t\t\t\t<\/div>\n\t\t\t\t<\/div>\n\t\t\t\t<\/div>","protected":false},"excerpt":{"rendered":"<p>FLASH Serisi &#8211; ZIENO FLASH Serisi Modern tasar\u0131m ve \u00fcst\u00fcn konfor bir arada. Ofis ortam\u0131n\u0131za dinamizm katan FLASH serisi. U1 Model U2 [&hellip;]<\/p>","protected":false},"author":1,"featured_media":0,"parent":0,"menu_order":0,"comment_status":"closed","ping_status":"closed","template":"elementor_header_footer","meta":{"footnotes":""},"class_list":["post-2120","page","type-page","status-publish","hentry"],"_links":{"self":[{"href":"https:\/\/zieno.com.tr\/ru\/wp-json\/wp\/v2\/pages\/2120","targetHints":{"allow":["GET"]}}],"collection":[{"href":"https:\/\/zieno.com.tr\/ru\/wp-json\/wp\/v2\/pages"}],"about":[{"href":"https:\/\/zieno.com.tr\/ru\/wp-json\/wp\/v2\/types\/page"}],"author":[{"embeddable":true,"href":"https:\/\/zieno.com.tr\/ru\/wp-json\/wp\/v2\/users\/1"}],"replies":[{"embeddable":true,"href":"https:\/\/zieno.com.tr\/ru\/wp-json\/wp\/v2\/comments?post=2120"}],"version-history":[{"count":0,"href":"https:\/\/zieno.com.tr\/ru\/wp-json\/wp\/v2\/pages\/2120\/revisions"}],"wp:attachment":[{"href":"https:\/\/zieno.com.tr\/ru\/wp-json\/wp\/v2\/media?parent=2120"}],"curies":[{"name":"wp","href":"https:\/\/api.w.org\/{rel}","templated":true}]}}