{"id":446,"date":"2025-12-09T07:02:33","date_gmt":"2025-12-09T07:02:33","guid":{"rendered":"https:\/\/demo.zieno.com.tr\/?page_id=446"},"modified":"2025-12-09T07:02:33","modified_gmt":"2025-12-09T07:02:33","slug":"cerezlergymen","status":"publish","type":"page","link":"https:\/\/zieno.com.tr\/en\/cerezlergymen\/","title":{"rendered":"Cookies"},"content":{"rendered":"<p>COOKIE POLICY<br \/>\nwww.zieno.com.tr<br \/>\nHAMLE OFFICE FURNITURE INDUSTRY AND TRADE LIMITED COMPANY<\/p>\n<p>This Cookie Policy explains the types of cookies used when visiting our website www.zieno.com.tr (\u201cSite\u201d), the purposes for which cookies are processed and how users can manage their cookie preferences.<\/p>\n<p>1. What is a Cookie?<br \/>\nCookies (\u201ccookies\u201d) are small data files that are saved on your browser or device when you visit a website.<br \/>\nCookies may be used to ensure the operation of the Site, improve user experience, increase security, generate statistics and provide personalized content.<\/p>\n<p>2. Types of Cookies Used<br \/>\nThe following types of cookies are used on our website:<\/p>\n<p>2.1 Compulsory (Basic) Cookies<br \/>\nIt is necessary for the site to work.<br \/>\nIt provides functions such as security, session management, shopping cart, forms.<br \/>\nThese cookies cannot be disabled.<br \/>\nExample:<\/p>\n<p>Session ID (session)<br \/>\nSecurity verification cookies<br \/>\nBasket \/ favorites cookies<br \/>\n2.2 Performance and Analytics Cookies<br \/>\nCookies that measure visitor behavior anonymously.<br \/>\nIt enables the collection of data such as traffic analysis, page performance, click heat maps.<br \/>\nThird party analytics tools (Google Analytics, etc.) can be used.<br \/>\nThese cookies are subject to the user's explicit consent.<\/p>\n<p>2.3 Functional Cookies<br \/>\nIt ensures that the user's preferences (language, region, theme, etc.) are remembered.<br \/>\nIt makes it possible for the site to work in a user-specific way.<br \/>\n2.4 Marketing \/ Targeting Cookies<br \/>\nUsed for displaying ads according to the user's interests.<br \/>\nIt may be shared with third party advertising networks.<br \/>\nCookies for remarketing purposes are in this group.<br \/>\nThese cookies require explicit consent.<\/p>\n<p>3. For what purposes are cookies used?<br \/>\nEnsuring the safe operation of the Site<br \/>\nOperation of order processes (cart, checkout, session)<br \/>\nCarrying out user account login procedures<br \/>\nAnalyzing site traffic<br \/>\nRemembering user preferences<br \/>\nPersonalize content and ads<br \/>\nMeasure and improve performance<br \/>\nFraud detection and security checks<br \/>\n4. Managing Cookies<br \/>\nVisitors can manage their cookie permissions in the following ways:<\/p>\n<p>4.1 Through Browser Settings<br \/>\nBlock all cookies<br \/>\nAccept cookies only from certain sites<br \/>\nView cookie notifications<br \/>\nDelete saved cookies<br \/>\nPopular browser management links:<\/p>\n<p>Chrome: chrome:\/\/settings\/cookies<br \/>\nFirefox: about:preferences#privacy<br \/>\nSafari: Preferences \u2192 Privacy<br \/>\nEdge: edge:\/\/settings\/content\/cookies<br \/>\n4.2 Cookie Management Panel (Consent Banner)<br \/>\nThrough the cookie consent screen on our website:<\/p>\n<p>Turning analytical cookies on\/off<br \/>\nTurning marketing cookies on\/off<br \/>\nInformation about mandatory cookies<br \/>\nis possible.<\/p>\n<p>5. Third Party Cookies<br \/>\nThird party cookies may be used through service providers such as Google Analytics, Meta Pixel, Hotjar, etc.<br \/>\nThese providers are directly responsible for their cookie policies.<\/p>\n<p>6. Processing and Protection of Personal Data<br \/>\nPersonal data collected through cookies are processed in accordance with KVKK and relevant legislation.<br \/>\nFor detailed information:<\/p>\n<p>KVKK Clarification Text<br \/>\nPrivacy Policy<br \/>\n7. Storage Periods of Cookies<br \/>\nDepending on the type, cookies can be stored until the browser is closed (session cookie) or for a certain period of time (persistent cookie).<br \/>\nRetention periods vary depending on the type of cookie and can be displayed in your browser.<\/p>\n<p>8. Right to Amend the Cookie Policy<br \/>\nHAMLE OF\u0130S FURNITURE INDUSTRY AND TRADE LIMITED COMPANY reserves the right to update its Cookie Policy.<br \/>\nThe updated policy takes effect as soon as it is published on the Site.<\/p>\n<p>9. Communication<br \/>\nFor all requests about cookies and personal data processing:<\/p>\n<p>HAMLE OFFICE FURNITURE INDUSTRY AND TRADE LIMITED COMPANY<br \/>\nAddress: Yenibosna Merkez Mahallesi Mu\u015ftu Sokak No:40-42\/A Bah\u00e7elievler \/ Istanbul<br \/>\nE-mail: muhasebe@hamleofis.com<\/p>","protected":false},"excerpt":{"rendered":"<p>\u00c7EREZ POL\u0130T\u0130KASI www.zieno.com.tr HAMLE OF\u0130S MOB\u0130LYALARI SANAY\u0130 VE T\u0130CARET L\u0130M\u0130TED \u015e\u0130RKET\u0130 Bu \u00c7erez Politikas\u0131, web sitemiz www.zieno.com.tr (\u201cSite\u201d) ziyaret edildi\u011finde kullan\u0131lan \u00e7erez [&hellip;]<\/p>","protected":false},"author":1,"featured_media":0,"parent":0,"menu_order":0,"comment_status":"closed","ping_status":"closed","template":"","meta":{"footnotes":""},"class_list":["post-446","page","type-page","status-publish","hentry"],"_links":{"self":[{"href":"https:\/\/zieno.com.tr\/en\/wp-json\/wp\/v2\/pages\/446","targetHints":{"allow":["GET"]}}],"collection":[{"href":"https:\/\/zieno.com.tr\/en\/wp-json\/wp\/v2\/pages"}],"about":[{"href":"https:\/\/zieno.com.tr\/en\/wp-json\/wp\/v2\/types\/page"}],"author":[{"embeddable":true,"href":"https:\/\/zieno.com.tr\/en\/wp-json\/wp\/v2\/users\/1"}],"replies":[{"embeddable":true,"href":"https:\/\/zieno.com.tr\/en\/wp-json\/wp\/v2\/comments?post=446"}],"version-history":[{"count":0,"href":"https:\/\/zieno.com.tr\/en\/wp-json\/wp\/v2\/pages\/446\/revisions"}],"wp:attachment":[{"href":"https:\/\/zieno.com.tr\/en\/wp-json\/wp\/v2\/media?parent=446"}],"curies":[{"name":"wp","href":"https:\/\/api.w.org\/{rel}","templated":true}]}}