{"id":446,"date":"2025-12-09T07:02:33","date_gmt":"2025-12-09T07:02:33","guid":{"rendered":"https:\/\/demo.zieno.com.tr\/?page_id=446"},"modified":"2025-12-09T07:02:33","modified_gmt":"2025-12-09T07:02:33","slug":"cerezlergymen","status":"publish","type":"page","link":"https:\/\/zieno.com.tr\/de\/cerezlergymen\/","title":{"rendered":"Cookies"},"content":{"rendered":"<p>COOKIE-POLITIK<br \/>\nwww.zieno.com.tr<br \/>\nHAMLE B\u00dcROM\u00d6BELINDUSTRIE UND HANDEL GMBH<\/p>\n<p>Diese Cookie-Richtlinie erl\u00e4utert die Arten von Cookies, die beim Besuch unserer Website www.zieno.com.tr (\u201cSite\u201d) verwendet werden, die Zwecke, f\u00fcr die Cookies verarbeitet werden, und wie Nutzer ihre Cookie-Einstellungen verwalten k\u00f6nnen.<\/p>\n<p>1. was ist ein Cookie?<br \/>\nCookies (\u201cKekse\u201d) sind kleine Datendateien, die auf Ihrem Browser oder Ger\u00e4t gespeichert werden, wenn Sie eine Website besuchen.<br \/>\nCookies k\u00f6nnen verwendet werden, um den Betrieb der Website zu gew\u00e4hrleisten, die Benutzerfreundlichkeit zu verbessern, die Sicherheit zu erh\u00f6hen, Statistiken zu erstellen und personalisierte Inhalte bereitzustellen.<\/p>\n<p>2 Verwendete Arten von Cookies<br \/>\nDie folgenden Arten von Cookies werden auf unserer Website verwendet:<\/p>\n<p>2.1 Obligatorische (Basis-)Cookies<br \/>\nSie ist f\u00fcr den Betrieb der Website erforderlich.<br \/>\nEs bietet Funktionen wie Sicherheit, Sitzungsmanagement, Warenkorb und Formulare.<br \/>\nDiese Cookies k\u00f6nnen nicht deaktiviert werden.<br \/>\nBeispiel:<\/p>\n<p>Sitzungs-ID (Sitzung)<br \/>\nCookies zur Sicherheits\u00fcberpr\u00fcfung<br \/>\nKorb \/ Lieblingskekse<br \/>\n2.2 Leistungs- und Analyse-Cookies<br \/>\nCookies zur anonymen Messung des Besucherverhaltens.<br \/>\nEs erm\u00f6glicht die Erfassung von Daten wie Traffic-Analyse, Seitenleistung, Click Heat Maps.<br \/>\nEs k\u00f6nnen Analysetools von Drittanbietern (Google Analytics usw.) verwendet werden.<br \/>\nDiese Cookies bed\u00fcrfen der ausdr\u00fccklichen Zustimmung des Nutzers.<\/p>\n<p>2.3 Funktionale Cookies<br \/>\nSo k\u00f6nnen die Pr\u00e4ferenzen des Nutzers (Sprache, Region, Thema usw.) gespeichert werden.<br \/>\nSie erm\u00f6glicht es der Website, benutzerspezifisch zu arbeiten.<br \/>\n2.4 Marketing \/ Targeting Cookies<br \/>\nSie wird f\u00fcr die Anzeige von Werbung entsprechend den Interessen des Nutzers verwendet.<br \/>\nSie k\u00f6nnen an Werbenetzwerke Dritter weitergegeben werden.<br \/>\nCookies f\u00fcr Remarketing-Zwecke geh\u00f6ren zu dieser Gruppe.<br \/>\nDiese Cookies erfordern eine ausdr\u00fcckliche Zustimmung.<\/p>\n<p>3. f\u00fcr welche Zwecke werden Cookies verwendet?<br \/>\nUm den sicheren Betrieb der Website zu gew\u00e4hrleisten<br \/>\nAbwicklung von Bestellvorg\u00e4ngen (Warenkorb, Bezahlung, Sitzung)<br \/>\nDurchf\u00fchrung von Anmeldeverfahren f\u00fcr Benutzerkonten<br \/>\nAnalyse des Website-Verkehrs<br \/>\nSpeichern von Benutzereinstellungen<br \/>\nPersonalisierung von Inhalten und Anzeigen<br \/>\nLeistung messen und verbessern<br \/>\nBetrugserkennung und Sicherheitskontrollen<br \/>\n4. die Verwaltung von Cookies<br \/>\nBesucher k\u00f6nnen ihre Cookie-Berechtigungen auf folgende Weise verwalten:<\/p>\n<p>4.1 \u00dcber die Browsereinstellungen<br \/>\nAlle Cookies blockieren<br \/>\nCookies nur von bestimmten Websites akzeptieren<br \/>\nCookie-Benachrichtigungen anzeigen<br \/>\nGespeicherte Cookies l\u00f6schen<br \/>\nBeliebte Links zur Browserverwaltung:<\/p>\n<p>Chrome: chrome:\/\/Einstellungen\/Cookies<br \/>\nFirefox: \u00fcber:Einstellungen#Datenschutz<br \/>\nSafari: Voreinstellungen \u2192 Datenschutz<br \/>\nRand: Rand:\/\/Einstellungen\/Inhalt\/Cookies<br \/>\n4.2 Cookie-Verwaltungspanel (Zustimmungsbanner)<br \/>\n\u00dcber den Bildschirm mit der Cookie-Zustimmung auf unserer Website:<\/p>\n<p>Analytische Cookies ein-\/ausschalten<br \/>\nMarketing-Cookies ein-\/ausschalten<br \/>\nInformationen \u00fcber obligatorische Cookies<br \/>\nm\u00f6glich.<\/p>\n<p>5) Cookies von Dritten<br \/>\nGoogle Analytics, Meta Pixel, Hotjar usw. Cookies von Drittanbietern k\u00f6nnen von Dienstleistern verwendet werden.<br \/>\nDiese Anbieter sind direkt f\u00fcr ihre Cookie-Richtlinien verantwortlich.<\/p>\n<p>6. die Verarbeitung und der Schutz von personenbezogenen Daten<br \/>\nPers\u00f6nliche Daten, die durch Cookies gesammelt werden; Sie werden in \u00dcbereinstimmung mit der KVKK und den einschl\u00e4gigen Rechtsvorschriften verarbeitet.<br \/>\nF\u00fcr weitere Informationen:<\/p>\n<p>KVKK-Klarstellungstext<br \/>\nDatenschutzbestimmungen<br \/>\n7. die Speicherdauer von Cookies<br \/>\nCookies k\u00f6nnen je nach Typ bis zum Schlie\u00dfen des Browsers (Session-Cookie) oder f\u00fcr einen bestimmten Zeitraum (Persistent-Cookie) gespeichert werden.<br \/>\nDie Aufbewahrungsfristen h\u00e4ngen von der Art des Cookies ab und k\u00f6nnen in Ihrem Browser angezeigt werden.<\/p>\n<p>8. das Recht auf \u00c4nderung der Cookie-Richtlinie<br \/>\nHAMLE OF\u0130S FURNITURE INDUSTRY AND TRADE LIMITED COMPANY beh\u00e4lt sich das Recht vor, seine Cookie-Richtlinie zu aktualisieren.<br \/>\nDie aktualisierte Richtlinie tritt in Kraft, sobald sie auf der Website ver\u00f6ffentlicht wird.<\/p>\n<p>9. kommunikation<br \/>\nF\u00fcr alle Anfragen zu Cookies und zur Verarbeitung personenbezogener Daten:<\/p>\n<p>HAMLE B\u00dcROM\u00d6BELINDUSTRIE UND HANDEL GMBH<br \/>\nAnschrift: Yenibosna Merkez Mahallesi Mu\u015ftu Sokak No:40-42\/A Bah\u00e7elievler \/ Istanbul<br \/>\nE-Mail: muhasebe@hamleofis.com<\/p>","protected":false},"excerpt":{"rendered":"<p>\u00c7EREZ POL\u0130T\u0130KASI www.zieno.com.tr HAMLE OF\u0130S MOB\u0130LYALARI SANAY\u0130 VE T\u0130CARET L\u0130M\u0130TED \u015e\u0130RKET\u0130 Bu \u00c7erez Politikas\u0131, web sitemiz www.zieno.com.tr (\u201cSite\u201d) ziyaret edildi\u011finde kullan\u0131lan \u00e7erez [&hellip;]<\/p>","protected":false},"author":1,"featured_media":0,"parent":0,"menu_order":0,"comment_status":"closed","ping_status":"closed","template":"","meta":{"footnotes":""},"class_list":["post-446","page","type-page","status-publish","hentry"],"_links":{"self":[{"href":"https:\/\/zieno.com.tr\/de\/wp-json\/wp\/v2\/pages\/446","targetHints":{"allow":["GET"]}}],"collection":[{"href":"https:\/\/zieno.com.tr\/de\/wp-json\/wp\/v2\/pages"}],"about":[{"href":"https:\/\/zieno.com.tr\/de\/wp-json\/wp\/v2\/types\/page"}],"author":[{"embeddable":true,"href":"https:\/\/zieno.com.tr\/de\/wp-json\/wp\/v2\/users\/1"}],"replies":[{"embeddable":true,"href":"https:\/\/zieno.com.tr\/de\/wp-json\/wp\/v2\/comments?post=446"}],"version-history":[{"count":0,"href":"https:\/\/zieno.com.tr\/de\/wp-json\/wp\/v2\/pages\/446\/revisions"}],"wp:attachment":[{"href":"https:\/\/zieno.com.tr\/de\/wp-json\/wp\/v2\/media?parent=446"}],"curies":[{"name":"wp","href":"https:\/\/api.w.org\/{rel}","templated":true}]}}