{"id":444,"date":"2025-12-09T07:02:05","date_gmt":"2025-12-09T07:02:05","guid":{"rendered":"https:\/\/demo.zieno.com.tr\/?page_id=444"},"modified":"2025-12-09T07:02:05","modified_gmt":"2025-12-09T07:02:05","slug":"kvkk","status":"publish","type":"page","link":"https:\/\/zieno.com.tr\/de\/kvkk\/","title":{"rendered":"KVKK"},"content":{"rendered":"<p>KVKK-KLARSTELLUNGSTEXT<br \/>\nHAMLE B\u00dcROM\u00d6BELINDUSTRIE UND HANDEL GMBH<br \/>\nwww.zieno.com.tr<\/p>\n<p>HAMLE OF\u0130S FURNITURE INDUSTRY AND TRADE LIMITED COMPANY (\u201cUnternehmen\u201d) legt gro\u00dfen Wert auf den Schutz Ihrer personenbezogenen Daten und ist der f\u00fcr die Datenverarbeitung Verantwortliche gem\u00e4\u00df dem Gesetz Nr. 6698 \u00fcber den Schutz personenbezogener Daten (\u201cKVKK\u201d).<\/p>\n<p>Dieser Erl\u00e4uterungstext erkl\u00e4rt die Art und Weise der Erhebung Ihrer personenbezogenen Daten, die Zwecke der Verarbeitung, die rechtlichen Gr\u00fcnde und Ihre Rechte im Rahmen der \u00fcber www.zieno.com.tr durchgef\u00fchrten Transaktionen.<\/p>\n<p>1. die Identit\u00e4t des f\u00fcr die Verarbeitung Verantwortlichen<br \/>\nHAMLE B\u00dcROM\u00d6BELINDUSTRIE UND HANDEL GMBH<br \/>\nAnschrift: Yenibosna Merkez Mahallesi Mu\u015ftu Sokak No:40-42\/A Bah\u00e7elievler \/ Istanbul<br \/>\nE-Mail: muhasebe@hamleofis.com<br \/>\nSteuernummer: 4560157600 - Yeni Bosna V.D.<\/p>\n<p>2. verarbeitete personenbezogene Daten<br \/>\nDie folgenden Kategorien personenbezogener Daten k\u00f6nnen verarbeitet werden:<\/p>\n<p>Angaben zur Identit\u00e4t: Name, Nachname<br \/>\nKontaktinformationen: Telefon, E-Mail, Anschrift<br \/>\nInformationen zu Kundentransaktionen: Bestellung, Warenkorb, Zahlungsinformationen<br \/>\nFinanzielle Informationen: Inkasso, Rechnungsinformationen (Karteninformationen werden nicht erfasst)<br \/>\nInformationen zur Anfrage\/Beschwerde<br \/>\nMarketing-Informationen: Cookie-Daten, Kampagnenpr\u00e4ferenzen<br \/>\nSicherheitsdaten verarbeiten: IP-Adresse, Protokollaufzeichnungen, Ger\u00e4teinformationen<br \/>\n3 Methode der Erhebung personenbezogener Daten<br \/>\nIhre pers\u00f6nlichen Daten;<\/p>\n<p>Mitgliedschafts-, Bestell-, Kontakt- und Zahlungsverkehr \u00fcber die Website,<br \/>\nKundendienst und Unterst\u00fctzungsstellen,<br \/>\nCookies und Online-Kennungen,<br \/>\nSoziale Medien und digitale Marketinginstrumente,<br \/>\nDurch Fracht- und Zahlungssysteme<br \/>\nSie k\u00f6nnen automatisch oder nicht-automatisch, elektronisch oder physisch erhoben werden.<\/p>\n<p>4. zwecke der Verarbeitung personenbezogener Daten<br \/>\nIhre personenbezogenen Daten werden f\u00fcr die folgenden Zwecke verarbeitet:<\/p>\n<p>4.1 Bereitstellung von Dienstleistungen<br \/>\nMitgliedschaft anlegen<br \/>\nDurchf\u00fchrung von Prozessen der Auftragsannahme, -vorbereitung und -auslieferung<br \/>\nR\u00fcckgabe, Umtausch, Rechnungsstellung<br \/>\n4.2 Kundenbeziehungsmanagement<br \/>\nEntgegennahme und Beantwortung von Supportanfragen<br \/>\nProzesse zur Kundenzufriedenheit<br \/>\n4.3 Rechtliche Verpflichtungen<br \/>\nSteuerliche und buchhalterische Vorg\u00e4nge<br \/>\nErledigung der Anfragen von befugten Einrichtungen und Organisationen<br \/>\n4.4 Marketing und Analyse<br \/>\nCookie-Verwaltung<br \/>\nVersand von Kampagnen- und Ank\u00fcndigungsnachrichten (mit ausdr\u00fccklicher Zustimmung)<br \/>\nAnalysen der Standortnutzung<br \/>\nOptimierung erleben<br \/>\n4.5 Sicherheit<br \/>\nTransaktionssicherheit, Aufdeckung von Betrugsrisiken<br \/>\nF\u00fchren von Logb\u00fcchern<br \/>\n5. die \u00dcbermittlung personenbezogener Daten<br \/>\nIhre personenbezogenen Daten k\u00f6nnen rechtm\u00e4\u00dfig an die folgenden Personen und Organisationen \u00fcbermittelt werden:<\/p>\n<p>Fracht-\/Logistikunternehmen<br \/>\nZahlungsinstitute und Banken<br \/>\nBuchhaltungs- und Finanzberatungsdienste<br \/>\nUnternehmen, die IT- und Infrastrukturdienstleistungen anbieten<br \/>\nGesetzlich zugelassene \u00f6ffentliche Einrichtungen<br \/>\nEs werden keine personenbezogenen Daten unrechtm\u00e4\u00dfig an Dritte weitergegeben.<\/p>\n<p>6. rechtliche Gr\u00fcnde f\u00fcr die Verarbeitung personenbezogener Daten<br \/>\nIhre pers\u00f6nlichen Daten;<\/p>\n<p>KVKK Art.5\/2-c: Zustandekommen oder Erf\u00fcllung des Vertrages<br \/>\nKVKK Art.5\/2-\u00e7: Erf\u00fcllung der gesetzlichen Verpflichtung<br \/>\nKVKK Art.5\/2-f: Berechtigtes Interesse<br \/>\nAusdr\u00fcckliche Zustimmung (Marketingkommunikation, Verwendung von Cookies usw.)<br \/>\nDie Verarbeitung erfolgt auf der Grundlage von Rechtsgrundlagen.<\/p>\n<p>7 Aufbewahrungsfrist f\u00fcr personenbezogene Daten<br \/>\nPersonenbezogene Daten werden f\u00fcr die in den einschl\u00e4gigen Rechtsvorschriften vorgesehenen Zeitr\u00e4ume gespeichert; in den F\u00e4llen, in denen in den Rechtsvorschriften kein Zeitraum vorgesehen ist, werden sie f\u00fcr den Zeitraum gespeichert, der f\u00fcr den Zweck der Verarbeitung erforderlich ist, und nach Ablauf dieses Zeitraums gel\u00f6scht, vernichtet oder anonymisiert.<\/p>\n<p>8 Rechte der betroffenen Person (Artikel 11 der BVG-Richtlinie)<br \/>\nSie haben die folgenden Rechte:<\/p>\n<p>Um zu erfahren, ob personenbezogene Daten verarbeitet werden oder nicht<br \/>\nFalls bearbeitet, um Informationen dar\u00fcber anzufordern<br \/>\nLernen Sie den Zweck der Verarbeitung<br \/>\nKenntnis der Dritten, an die die Daten \u00fcbermittelt werden<br \/>\nAntrag auf Berichtigung unvollst\u00e4ndiger oder unrichtig verarbeiteter Daten<br \/>\nAntrag auf L\u00f6schung oder Vernichtung<br \/>\nSchadensersatz zu verlangen, wenn die Verarbeitung unrechtm\u00e4\u00dfig ist<br \/>\nIhre Antr\u00e4ge f\u00fcr Ihre Rechte:<br \/>\nSie k\u00f6nnen es an muhasebe@hamleofis.com senden.<\/p>\n<p>9. die Anwendungsmethode<br \/>\nAnwendungen;<\/p>\n<p>Mit einem schriftlichen Antrag an die Adresse des Unternehmens,<br \/>\nDurch Best\u00e4tigung der Identit\u00e4t per E-Mail,<br \/>\nKVKK Antragsformular (kann ich vorbereiten) \u00fcber<br \/>\n\u00fcbertragen werden k\u00f6nnen.<\/p>\n<p>10. die Durchsetzung<br \/>\nDieser Erl\u00e4uterungstext tritt am Tag seiner Ver\u00f6ffentlichung auf www.zieno.com.tr in Kraft.<br \/>\nDas Unternehmen kann den Text \u00e4ndern, wenn es dies f\u00fcr erforderlich h\u00e4lt.<\/p>","protected":false},"excerpt":{"rendered":"<p>KVKK AYDINLATMA METN\u0130 HAMLE OF\u0130S MOB\u0130LYALARI SANAY\u0130 VE T\u0130CARET L\u0130M\u0130TED \u015e\u0130RKET\u0130 www.zieno.com.tr HAMLE OF\u0130S MOB\u0130LYALARI SANAY\u0130 VE T\u0130CARET L\u0130M\u0130TED \u015e\u0130RKET\u0130 (\u201c\u015eirket\u201d), ki\u015fisel [&hellip;]<\/p>","protected":false},"author":1,"featured_media":0,"parent":0,"menu_order":0,"comment_status":"closed","ping_status":"closed","template":"","meta":{"footnotes":""},"class_list":["post-444","page","type-page","status-publish","hentry"],"_links":{"self":[{"href":"https:\/\/zieno.com.tr\/de\/wp-json\/wp\/v2\/pages\/444","targetHints":{"allow":["GET"]}}],"collection":[{"href":"https:\/\/zieno.com.tr\/de\/wp-json\/wp\/v2\/pages"}],"about":[{"href":"https:\/\/zieno.com.tr\/de\/wp-json\/wp\/v2\/types\/page"}],"author":[{"embeddable":true,"href":"https:\/\/zieno.com.tr\/de\/wp-json\/wp\/v2\/users\/1"}],"replies":[{"embeddable":true,"href":"https:\/\/zieno.com.tr\/de\/wp-json\/wp\/v2\/comments?post=444"}],"version-history":[{"count":0,"href":"https:\/\/zieno.com.tr\/de\/wp-json\/wp\/v2\/pages\/444\/revisions"}],"wp:attachment":[{"href":"https:\/\/zieno.com.tr\/de\/wp-json\/wp\/v2\/media?parent=444"}],"curies":[{"name":"wp","href":"https:\/\/api.w.org\/{rel}","templated":true}]}}