{"id":436,"date":"2025-12-09T06:59:28","date_gmt":"2025-12-09T06:59:28","guid":{"rendered":"https:\/\/demo.zieno.com.tr\/?page_id=436"},"modified":"2025-12-09T06:59:28","modified_gmt":"2025-12-09T06:59:28","slug":"datenschutzbestimmungen","status":"publish","type":"page","link":"https:\/\/zieno.com.tr\/de\/datenschutzbestimmungen\/","title":{"rendered":"Datenschutzbestimmungen"},"content":{"rendered":"<p>1. der f\u00fcr die Datenverarbeitung Verantwortliche<br \/>\nDer Datenverantwortliche dieser Website (\u201cSite\u201d) ist Zieno (oder ein verbundenes Unternehmen\/eine verbundene Person) und ist f\u00fcr den Schutz der pers\u00f6nlichen Daten der Nutzer verantwortlich. Die Erhebung, Verarbeitung und Speicherung von Nutzerdaten erfolgt im Rahmen dieser Richtlinie.<\/p>\n<p>2. welche Daten gesammelt werden<br \/>\nDie von den Besuchern und Nutzern bereitgestellten Daten k\u00f6nnen Folgendes umfassen:<\/p>\n<p>Name, Vorname, E-Mail-Adresse, Telefonnummer (z. B. f\u00fcr Kontaktformulare, Bestellformulare, Mitgliedschaft usw.)<br \/>\nTechnische Daten wie IP-Adresse, Ger\u00e4teinformationen, Browserinformationen, Sitzungsdaten\/geografische Daten<br \/>\nDaten, die durch Cookies und \u00e4hnliche Tracking-Technologien gewonnen werden<br \/>\n3) Methoden der Datenerhebung<br \/>\nDaten:<\/p>\n<p>W\u00e4hrend der Interaktion des Nutzers mit der Website (Ausf\u00fcllen von Formularen, Bestellung, Kontakt, Mitgliedschaft usw.)<br \/>\nAutomatisch beim Zugriff auf die Website (\u00fcber Browser \/ Ger\u00e4t \/ Cookie)<br \/>\nDurch Drittanbieter \/ Analysetools<br \/>\nl\u00e4sst sich wie folgt zusammenfassen.<\/p>\n<p>4 Zwecke und Rechtsgrundlage der Datenverarbeitung<br \/>\nDie erhobenen Daten k\u00f6nnen zu folgenden Zwecken verarbeitet werden:<\/p>\n<p>Durchf\u00fchrung von Bestell- und Produkt-Service-Prozessen, Kundenservice und Support-Operationen<br \/>\nKommunikation mit dem Nutzer (z. B. Auftragsbest\u00e4tigung, Sendungsverfolgung, Informationen, Kampagnen\/Marketing)<br \/>\nWebsite-Leistung, Sicherheit, Nutzungsanalyse und -verbesserung (Website-Optimierung, Analytik)<br \/>\nErf\u00fcllung der rechtlichen Verpflichtungen<br \/>\nDiese Transaktionen erfolgen aus rechtlichen Gr\u00fcnden wie der ausdr\u00fccklichen Zustimmung der betroffenen Person, der Erf\u00fcllung des Vertrags oder dem berechtigten Interesse von Zieno.<\/p>\n<p>5 Gemeinsame Nutzung und \u00dcbertragung von Daten<br \/>\nPersonenbezogene Daten werden ohne die ausdr\u00fcckliche Zustimmung des Nutzers nicht weitergegeben; gesetzliche Verpflichtungen, Erbringung des Dienstes, Zahlungs- und Frachtunternehmen, Lieferanten, Anbieter technischer Infrastruktur usw. werden nicht weitergegeben. Allerdings<\/p>\n<p>Fracht-\/Zahlungsdienste f\u00fcr Bestell- und Liefervorg\u00e4nge erforderlich<br \/>\nAnbieter von Dienstleistungen in den Bereichen Hosting, Infrastruktur, Sicherheit, Analyse usw.<br \/>\nEine \u00dcbermittlung von Daten an Dritte, z. B. an Dritte, ist nur in dem f\u00fcr den Zweck angemessenen Umfang und innerhalb des gesetzlichen Rahmens zul\u00e4ssig.<\/p>\n<p>6 Cookies und Tracking-Technologien<br \/>\nDie Website kann Cookies und \u00e4hnliche Tracking-Technologien verwenden, um die Benutzerfreundlichkeit zu verbessern und Website-Analysen durchzuf\u00fchren. Diese Technologien k\u00f6nnen f\u00fcr die folgenden Zwecke verwendet werden:<\/p>\n<p>Betrieb und Sicherheit des Standorts<br \/>\nSpeicherung von Benutzerpr\u00e4ferenzen (z. B. Sprachauswahl, Warenkorbinformationen)<br \/>\nAnalyse und Verkehrs\u00fcberwachung<br \/>\nMarketing und Werbung<br \/>\nDer Nutzer hat die M\u00f6glichkeit, Cookies \u00fcber die Browsereinstellungen abzulehnen oder zu l\u00f6schen. In diesem Fall kann die Website jedoch einen Teil ihrer Funktionalit\u00e4t verlieren.<\/p>\n<p>7 Datensicherheit und Aufbewahrungsfrist<br \/>\nZieno ergreift die notwendigen technischen und administrativen Ma\u00dfnahmen, um sicherzustellen, dass personenbezogene Daten in \u00dcbereinstimmung mit dem Gesetz und in gutem Glauben verarbeitet und gesch\u00fctzt werden. Diese Ma\u00dfnahmen k\u00f6nnen unter anderem Datenzugangskontrollen, Verschl\u00fcsselung, Zugangsbeschr\u00e4nkungen und regelm\u00e4\u00dfige Datensicherung umfassen.<\/p>\n<p>Die Daten werden so lange aufbewahrt, wie der Zweck, f\u00fcr den sie verarbeitet werden, besteht; wenn der Zweck nicht mehr besteht, werden sie gel\u00f6scht, anonymisiert oder vernichtet.<\/p>\n<p>8 Rechte des Nutzers<br \/>\nDie betreffenden Nutzer haben die folgenden Rechte (gem\u00e4\u00df dem Gesetz Nr. 6698 \u00fcber den Schutz personenbezogener Daten):<\/p>\n<p>um zu erfahren, ob ihre personenbezogenen Daten verarbeitet werden oder nicht,<br \/>\nWenn sie bearbeitet werden, sollten Sie keine Informationen dar\u00fcber anfordern,<br \/>\nErlernen des Zwecks und der Verarbeitungsmethode von Daten,<br \/>\nInformieren Sie sich, ob die Daten an Dritte weitergegeben werden und wenn ja, an wen,<br \/>\nBeantragen Sie die Berichtigung von fehlerhaften Daten,<br \/>\nAntrag auf L\u00f6schung oder Vernichtung von Daten,<br \/>\nBeantragen Sie die Anonymisierung der Daten,<br \/>\nEinspruch gegen die Verarbeitung zu erheben und die Pr\u00fcfung des Einspruchs bei Vorliegen berechtigter Gr\u00fcnde zu verlangen,<br \/>\nWiderruf der Zustimmung bei Transaktionen, die mit ausdr\u00fccklicher Zustimmung erfolgen. Beh\u00f6rde f\u00fcr den Schutz personenbezogener Daten+2Karanfiloglu Recht und Mediation+2<br \/>\nDiese Antr\u00e4ge m\u00fcssen vom Nutzer schriftlich bei der offiziellen Kontaktadresse des Unternehmens eingereicht werden.<\/p>\n<p>9 \u00c4nderungen der Politik<br \/>\nZieno beh\u00e4lt sich das Recht vor, diese Datenschutzerkl\u00e4rung bei Bedarf zu aktualisieren. Aktualisierungen treten in Kraft, sobald sie auf der Website ver\u00f6ffentlicht werden. Den Benutzern wird empfohlen, diese Seite regelm\u00e4\u00dfig zu \u00fcberpr\u00fcfen.<\/p>\n<p>10. kontaktinformationen<br \/>\nF\u00fcr Ihre Anfragen bez\u00fcglich der Verarbeitung personenbezogener Daten, der L\u00f6schung, des Zugangs oder anderer Angelegenheiten:<br \/>\nE-Mail: info@zieno.com.tr<br \/>\nAnschrift: Yenibosna Merkez Mah. Mustu Sok. Nr:40-42A Bahcelievler, Istanbul<\/p>","protected":false},"excerpt":{"rendered":"<p>1. Veri Sorumlusu Bu web sitesinin (\u201cSite\u201d) veri sorumlusu Zieno (veya ba\u011fl\u0131 \u015firket\/\u015fah\u0131s) olup, kullan\u0131c\u0131lar\u0131n ki\u015fisel verilerinin korunmas\u0131ndan sorumludur. Kullan\u0131c\u0131 verilerinin toplanmas\u0131, [&hellip;]<\/p>","protected":false},"author":1,"featured_media":0,"parent":0,"menu_order":0,"comment_status":"closed","ping_status":"closed","template":"","meta":{"footnotes":""},"class_list":["post-436","page","type-page","status-publish","hentry"],"_links":{"self":[{"href":"https:\/\/zieno.com.tr\/de\/wp-json\/wp\/v2\/pages\/436","targetHints":{"allow":["GET"]}}],"collection":[{"href":"https:\/\/zieno.com.tr\/de\/wp-json\/wp\/v2\/pages"}],"about":[{"href":"https:\/\/zieno.com.tr\/de\/wp-json\/wp\/v2\/types\/page"}],"author":[{"embeddable":true,"href":"https:\/\/zieno.com.tr\/de\/wp-json\/wp\/v2\/users\/1"}],"replies":[{"embeddable":true,"href":"https:\/\/zieno.com.tr\/de\/wp-json\/wp\/v2\/comments?post=436"}],"version-history":[{"count":0,"href":"https:\/\/zieno.com.tr\/de\/wp-json\/wp\/v2\/pages\/436\/revisions"}],"wp:attachment":[{"href":"https:\/\/zieno.com.tr\/de\/wp-json\/wp\/v2\/media?parent=436"}],"curies":[{"name":"wp","href":"https:\/\/api.w.org\/{rel}","templated":true}]}}