{"id":446,"date":"2025-12-09T07:02:33","date_gmt":"2025-12-09T07:02:33","guid":{"rendered":"https:\/\/demo.zieno.com.tr\/?page_id=446"},"modified":"2025-12-09T07:02:33","modified_gmt":"2025-12-09T07:02:33","slug":"%d8%b3%d9%8a%d8%b1%d9%8a%d8%b2%d9%84%d8%b1","status":"publish","type":"page","link":"https:\/\/zieno.com.tr\/ar\/%d8%b3%d9%8a%d8%b1%d9%8a%d8%b2%d9%84%d8%b1\/","title":{"rendered":"\u0627\u0644\u0643\u0648\u0643\u064a\u0632"},"content":{"rendered":"<p>\u0633\u064a\u0627\u0633\u0629 \u0627\u0644\u0643\u0648\u0643\u064a\u0632<br \/>\nwww.zieno.com.tr<br \/>\n\u0634\u0631\u0643\u0629 \u0647\u0627\u0645\u0644 \u0644\u0635\u0646\u0627\u0639\u0629 \u0648\u062a\u062c\u0627\u0631\u0629 \u0627\u0644\u0623\u062b\u0627\u062b \u0627\u0644\u0645\u0643\u062a\u0628\u064a \u0647\u0627\u0645\u0644 \u0627\u0644\u0645\u062d\u062f\u0648\u062f\u0629<\/p>\n<p>\u062a\u0634\u0631\u062d \u0633\u064a\u0627\u0633\u0629 \u0645\u0644\u0641\u0627\u062a \u062a\u0639\u0631\u064a\u0641 \u0627\u0644\u0627\u0631\u062a\u0628\u0627\u0637 \u0647\u0630\u0647 \u0623\u0646\u0648\u0627\u0639 \u0645\u0644\u0641\u0627\u062a \u062a\u0639\u0631\u064a\u0641 \u0627\u0644\u0627\u0631\u062a\u0628\u0627\u0637 \u0627\u0644\u0645\u0633\u062a\u062e\u062f\u0645\u0629 \u0639\u0646\u062f \u0632\u064a\u0627\u0631\u0629 \u0645\u0648\u0642\u0639\u0646\u0627 \u0627\u0644\u0625\u0644\u0643\u062a\u0631\u0648\u0646\u064a www.zieno.com.tr (\u201c\u0627\u0644\u0645\u0648\u0642\u0639\u201d)\u060c \u0648\u0627\u0644\u0623\u063a\u0631\u0627\u0636 \u0627\u0644\u062a\u064a \u062a\u062a\u0645 \u0645\u0646 \u0623\u062c\u0644\u0647\u0627 \u0645\u0639\u0627\u0644\u062c\u0629 \u0645\u0644\u0641\u0627\u062a \u062a\u0639\u0631\u064a\u0641 \u0627\u0644\u0627\u0631\u062a\u0628\u0627\u0637 \u0648\u0643\u064a\u0641 \u064a\u0645\u0643\u0646 \u0644\u0644\u0645\u0633\u062a\u062e\u062f\u0645\u064a\u0646 \u0625\u062f\u0627\u0631\u0629 \u062a\u0641\u0636\u064a\u0644\u0627\u062a \u0645\u0644\u0641\u0627\u062a \u062a\u0639\u0631\u064a\u0641 \u0627\u0644\u0627\u0631\u062a\u0628\u0627\u0637 \u0627\u0644\u062e\u0627\u0635\u0629 \u0628\u0647\u0645.<\/p>\n<p>1- \u0645\u0627 \u0647\u0648 \u0627\u0644\u0643\u0648\u0643\u064a\u0632\u061f<br \/>\n\u0645\u0644\u0641\u0627\u062a \u062a\u0639\u0631\u064a\u0641 \u0627\u0644\u0627\u0631\u062a\u0628\u0627\u0637 (\u201c\u0645\u0644\u0641\u0627\u062a \u062a\u0639\u0631\u064a\u0641 \u0627\u0644\u0627\u0631\u062a\u0628\u0627\u0637\u201d) \u0647\u064a \u0645\u0644\u0641\u0627\u062a \u0628\u064a\u0627\u0646\u0627\u062a \u0635\u063a\u064a\u0631\u0629 \u064a\u062a\u0645 \u062d\u0641\u0638\u0647\u0627 \u0639\u0644\u0649 \u0645\u062a\u0635\u0641\u062d\u0643 \u0623\u0648 \u062c\u0647\u0627\u0632\u0643 \u0639\u0646\u062f \u0632\u064a\u0627\u0631\u062a\u0643 \u0644\u0645\u0648\u0642\u0639 \u0625\u0644\u0643\u062a\u0631\u0648\u0646\u064a.<br \/>\n\u0642\u062f \u064a\u062a\u0645 \u0627\u0633\u062a\u062e\u062f\u0627\u0645 \u0645\u0644\u0641\u0627\u062a \u062a\u0639\u0631\u064a\u0641 \u0627\u0644\u0627\u0631\u062a\u0628\u0627\u0637 \u0644\u0636\u0645\u0627\u0646 \u062a\u0634\u063a\u064a\u0644 \u0627\u0644\u0645\u0648\u0642\u0639\u060c \u0648\u062a\u062d\u0633\u064a\u0646 \u062a\u062c\u0631\u0628\u0629 \u0627\u0644\u0645\u0633\u062a\u062e\u062f\u0645\u060c \u0648\u0632\u064a\u0627\u062f\u0629 \u0627\u0644\u0623\u0645\u0627\u0646\u060c \u0648\u0625\u0646\u0634\u0627\u0621 \u0625\u062d\u0635\u0627\u0626\u064a\u0627\u062a \u0648\u062a\u0648\u0641\u064a\u0631 \u0645\u062d\u062a\u0648\u0649 \u0645\u062e\u0635\u0635.<\/p>\n<p>2 - \u0623\u0646\u0648\u0627\u0639 \u0645\u0644\u0641\u0627\u062a \u062a\u0639\u0631\u064a\u0641 \u0627\u0644\u0627\u0631\u062a\u0628\u0627\u0637 \u0627\u0644\u0645\u0633\u062a\u062e\u062f\u0645\u0629<br \/>\n\u062a\u064f\u0633\u062a\u062e\u062f\u0645 \u0627\u0644\u0623\u0646\u0648\u0627\u0639 \u0627\u0644\u062a\u0627\u0644\u064a\u0629 \u0645\u0646 \u0645\u0644\u0641\u0627\u062a \u062a\u0639\u0631\u064a\u0641 \u0627\u0644\u0627\u0631\u062a\u0628\u0627\u0637 \u0639\u0644\u0649 \u0645\u0648\u0642\u0639\u0646\u0627 \u0627\u0644\u0625\u0644\u0643\u062a\u0631\u0648\u0646\u064a:<\/p>\n<p>2.1 \u0645\u0644\u0641\u0627\u062a \u062a\u0639\u0631\u064a\u0641 \u0627\u0644\u0627\u0631\u062a\u0628\u0627\u0637 \u0627\u0644\u0625\u062c\u0628\u0627\u0631\u064a\u0629 (\u0627\u0644\u0623\u0633\u0627\u0633\u064a\u0629)<br \/>\n\u0625\u0646\u0647 \u0636\u0631\u0648\u0631\u064a \u0644\u062a\u0634\u063a\u064a\u0644 \u0627\u0644\u0645\u0648\u0642\u0639.<br \/>\n\u064a\u0648\u0641\u0631 \u0648\u0638\u0627\u0626\u0641 \u0645\u062b\u0644 \u0627\u0644\u0623\u0645\u0627\u0646\u060c \u0648\u0625\u062f\u0627\u0631\u0629 \u0627\u0644\u062c\u0644\u0633\u0627\u062a\u060c \u0648\u0633\u0644\u0629 \u0627\u0644\u062a\u0633\u0648\u0642\u060c \u0648\u0627\u0644\u0646\u0645\u0627\u0630\u062c.<br \/>\n\u0644\u0627 \u064a\u0645\u0643\u0646 \u0625\u0644\u063a\u0627\u0621 \u062a\u0646\u0634\u064a\u0637 \u0645\u0644\u0641\u0627\u062a \u062a\u0639\u0631\u064a\u0641 \u0627\u0644\u0627\u0631\u062a\u0628\u0627\u0637 \u0647\u0630\u0647.<br \/>\n\u0645\u062b\u0627\u0644 \u0639\u0644\u0649 \u0630\u0644\u0643:<\/p>\n<p>\u0645\u0639\u0631\u0641 \u0627\u0644\u062c\u0644\u0633\u0629 (\u0627\u0644\u062c\u0644\u0633\u0629)<br \/>\n\u0645\u0644\u0641\u0627\u062a \u062a\u0639\u0631\u064a\u0641 \u0627\u0644\u0627\u0631\u062a\u0628\u0627\u0637 \u0644\u0644\u062a\u062d\u0642\u0642 \u0645\u0646 \u0627\u0644\u0623\u0645\u0627\u0646<br \/>\n\u0627\u0644\u0633\u0644\u0629 \/ \u0645\u0644\u0641\u0627\u062a \u062a\u0639\u0631\u064a\u0641 \u0627\u0644\u0627\u0631\u062a\u0628\u0627\u0637 \u0627\u0644\u0645\u0641\u0636\u0644\u0629<br \/>\n2.2 \u0645\u0644\u0641\u0627\u062a \u062a\u0639\u0631\u064a\u0641 \u0627\u0644\u0627\u0631\u062a\u0628\u0627\u0637 \u0627\u0644\u062e\u0627\u0635\u0629 \u0628\u0627\u0644\u0623\u062f\u0627\u0621 \u0648\u0627\u0644\u062a\u062d\u0644\u064a\u0644\u0627\u062a<br \/>\n\u0645\u0644\u0641\u0627\u062a \u062a\u0639\u0631\u064a\u0641 \u0627\u0644\u0627\u0631\u062a\u0628\u0627\u0637 \u0627\u0644\u062a\u064a \u062a\u0642\u064a\u0633 \u0633\u0644\u0648\u0643 \u0627\u0644\u0632\u0627\u0626\u0631 \u0628\u0634\u0643\u0644 \u0645\u062c\u0647\u0648\u0644.<br \/>\n\u064a\u062a\u064a\u062d \u062c\u0645\u0639 \u0627\u0644\u0628\u064a\u0627\u0646\u0627\u062a \u0645\u062b\u0644 \u062a\u062d\u0644\u064a\u0644 \u062d\u0631\u0643\u0629 \u0627\u0644\u0645\u0631\u0648\u0631 \u0648\u0623\u062f\u0627\u0621 \u0627\u0644\u0635\u0641\u062d\u0629 \u0648\u062e\u0631\u0627\u0626\u0637 \u062d\u0631\u0627\u0631\u0629 \u0627\u0644\u0646\u0642\u0631\u0627\u062a.<br \/>\n\u064a\u0645\u0643\u0646 \u0627\u0633\u062a\u062e\u062f\u0627\u0645 \u0623\u062f\u0648\u0627\u062a \u062a\u062d\u0644\u064a\u0644\u0627\u062a \u0627\u0644\u0637\u0631\u0641 \u0627\u0644\u062b\u0627\u0644\u062b (Google Analytics\u060c \u0648\u0645\u0627 \u0625\u0644\u0649 \u0630\u0644\u0643).<br \/>\n\u062a\u062e\u0636\u0639 \u0645\u0644\u0641\u0627\u062a \u062a\u0639\u0631\u064a\u0641 \u0627\u0644\u0627\u0631\u062a\u0628\u0627\u0637 \u0647\u0630\u0647 \u0644\u0645\u0648\u0627\u0641\u0642\u0629 \u0627\u0644\u0645\u0633\u062a\u062e\u062f\u0645 \u0627\u0644\u0635\u0631\u064a\u062d\u0629.<\/p>\n<p>2.3 \u0645\u0644\u0641\u0627\u062a \u062a\u0639\u0631\u064a\u0641 \u0627\u0644\u0627\u0631\u062a\u0628\u0627\u0637 \u0627\u0644\u0648\u0638\u064a\u0641\u064a\u0629<br \/>\n\u064a\u0633\u0645\u062d \u0628\u062a\u0630\u0643\u0631 \u062a\u0641\u0636\u064a\u0644\u0627\u062a \u0627\u0644\u0645\u0633\u062a\u062e\u062f\u0645 (\u0627\u0644\u0644\u063a\u0629\u060c \u0648\u0627\u0644\u0645\u0646\u0637\u0642\u0629\u060c \u0648\u0627\u0644\u0633\u0645\u0629\u060c \u0648\u0645\u0627 \u0625\u0644\u0649 \u0630\u0644\u0643).<br \/>\n\u064a\u062c\u0639\u0644 \u0645\u0646 \u0627\u0644\u0645\u0645\u0643\u0646 \u0623\u0646 \u064a\u0639\u0645\u0644 \u0627\u0644\u0645\u0648\u0642\u0639 \u0628\u0637\u0631\u064a\u0642\u0629 \u062e\u0627\u0635\u0629 \u0628\u0627\u0644\u0645\u0633\u062a\u062e\u062f\u0645.<br \/>\n2.4 \u0645\u0644\u0641\u0627\u062a \u062a\u0639\u0631\u064a\u0641 \u0627\u0644\u0627\u0631\u062a\u0628\u0627\u0637 \u0627\u0644\u062a\u0633\u0648\u064a\u0642\u064a\u0629 \/ \u0627\u0644\u0627\u0633\u062a\u0647\u062f\u0627\u0641<br \/>\n\u064a\u062a\u0645 \u0627\u0633\u062a\u062e\u062f\u0627\u0645\u0647 \u0644\u0639\u0631\u0636 \u0627\u0644\u0625\u0639\u0644\u0627\u0646\u0627\u062a \u0648\u0641\u0642\u064b\u0627 \u0644\u0627\u0647\u062a\u0645\u0627\u0645\u0627\u062a \u0627\u0644\u0645\u0633\u062a\u062e\u062f\u0645.<br \/>\n\u0642\u062f \u062a\u062a\u0645 \u0645\u0634\u0627\u0631\u0643\u062a\u0647 \u0645\u0639 \u0634\u0628\u0643\u0627\u062a \u0627\u0644\u0625\u0639\u0644\u0627\u0646\u0627\u062a \u0627\u0644\u062a\u0627\u0628\u0639\u0629 \u0644\u062c\u0647\u0627\u062a \u062e\u0627\u0631\u062c\u064a\u0629.<br \/>\n\u062a\u0646\u062f\u0631\u062c \u0645\u0644\u0641\u0627\u062a \u062a\u0639\u0631\u064a\u0641 \u0627\u0644\u0627\u0631\u062a\u0628\u0627\u0637 \u0644\u0623\u063a\u0631\u0627\u0636 \u062a\u062c\u062f\u064a\u062f \u0627\u0644\u0646\u0634\u0627\u0637 \u0627\u0644\u062a\u0633\u0648\u064a\u0642\u064a \u0636\u0645\u0646 \u0647\u0630\u0647 \u0627\u0644\u0645\u062c\u0645\u0648\u0639\u0629.<br \/>\n\u062a\u062a\u0637\u0644\u0628 \u0645\u0644\u0641\u0627\u062a \u062a\u0639\u0631\u064a\u0641 \u0627\u0644\u0627\u0631\u062a\u0628\u0627\u0637 \u0647\u0630\u0647 \u0645\u0648\u0627\u0641\u0642\u0629 \u0635\u0631\u064a\u062d\u0629.<\/p>\n<p>3 - \u0644\u0623\u064a \u0623\u063a\u0631\u0627\u0636 \u062a\u064f\u0633\u062a\u062e\u062f\u0645 \u0645\u0644\u0641\u0627\u062a \u062a\u0639\u0631\u064a\u0641 \u0627\u0644\u0627\u0631\u062a\u0628\u0627\u0637\u061f<br \/>\n\u0644\u0636\u0645\u0627\u0646 \u0627\u0644\u062a\u0634\u063a\u064a\u0644 \u0627\u0644\u0622\u0645\u0646 \u0644\u0644\u0645\u0648\u0642\u0639<br \/>\n\u062a\u0634\u063a\u064a\u0644 \u0639\u0645\u0644\u064a\u0627\u062a \u0627\u0644\u0637\u0644\u0628\u0627\u062a (\u0627\u0644\u0633\u0644\u0629\u060c \u0627\u0644\u062f\u0641\u0639\u060c \u0627\u0644\u062c\u0644\u0633\u0629)<br \/>\n\u0644\u062a\u0646\u0641\u064a\u0630 \u0625\u062c\u0631\u0627\u0621\u0627\u062a \u062a\u0633\u062c\u064a\u0644 \u0627\u0644\u062f\u062e\u0648\u0644 \u0625\u0644\u0649 \u062d\u0633\u0627\u0628 \u0627\u0644\u0645\u0633\u062a\u062e\u062f\u0645<br \/>\n\u062a\u062d\u0644\u064a\u0644 \u062d\u0631\u0643\u0629 \u0627\u0644\u0645\u0631\u0648\u0631 \u0639\u0644\u0649 \u0627\u0644\u0645\u0648\u0642\u0639<br \/>\n\u062a\u0630\u0643\u0651\u0631 \u062a\u0641\u0636\u064a\u0644\u0627\u062a \u0627\u0644\u0645\u0633\u062a\u062e\u062f\u0645<br \/>\n\u062a\u062e\u0635\u064a\u0635 \u0627\u0644\u0645\u062d\u062a\u0648\u0649 \u0648\u0627\u0644\u0625\u0639\u0644\u0627\u0646\u0627\u062a<br \/>\n\u0642\u064a\u0627\u0633 \u0627\u0644\u0623\u062f\u0627\u0621 \u0648\u062a\u062d\u0633\u064a\u0646\u0647<br \/>\n\u0627\u0644\u0643\u0634\u0641 \u0639\u0646 \u0627\u0644\u0627\u062d\u062a\u064a\u0627\u0644 \u0648\u0627\u0644\u062a\u062d\u0642\u0642 \u0627\u0644\u0623\u0645\u0646\u064a<br \/>\n4 - \u0625\u062f\u0627\u0631\u0629 \u0645\u0644\u0641\u0627\u062a \u062a\u0639\u0631\u064a\u0641 \u0627\u0644\u0627\u0631\u062a\u0628\u0627\u0637<br \/>\n\u064a\u0645\u0643\u0646 \u0644\u0644\u0632\u0648\u0627\u0631 \u0625\u062f\u0627\u0631\u0629 \u0623\u0630\u0648\u0646\u0627\u062a \u0645\u0644\u0641\u0627\u062a \u062a\u0639\u0631\u064a\u0641 \u0627\u0644\u0627\u0631\u062a\u0628\u0627\u0637 \u0627\u0644\u062e\u0627\u0635\u0629 \u0628\u0647\u0645 \u0628\u0627\u0644\u0637\u0631\u0642 \u0627\u0644\u062a\u0627\u0644\u064a\u0629:<\/p>\n<p>4.1 \u0645\u0646 \u062e\u0644\u0627\u0644 \u0625\u0639\u062f\u0627\u062f\u0627\u062a \u0627\u0644\u0645\u062a\u0635\u0641\u062d<br \/>\n\u062d\u0638\u0631 \u062c\u0645\u064a\u0639 \u0645\u0644\u0641\u0627\u062a \u062a\u0639\u0631\u064a\u0641 \u0627\u0644\u0627\u0631\u062a\u0628\u0627\u0637<br \/>\n\u0642\u0628\u0648\u0644 \u0645\u0644\u0641\u0627\u062a \u062a\u0639\u0631\u064a\u0641 \u0627\u0644\u0627\u0631\u062a\u0628\u0627\u0637 \u0645\u0646 \u0645\u0648\u0627\u0642\u0639 \u0645\u0639\u064a\u0646\u0629 \u0641\u0642\u0637<br \/>\n\u0639\u0631\u0636 \u0625\u0634\u0639\u0627\u0631\u0627\u062a \u0645\u0644\u0641\u0627\u062a \u062a\u0639\u0631\u064a\u0641 \u0627\u0644\u0627\u0631\u062a\u0628\u0627\u0637<br \/>\n\u062d\u0630\u0641 \u0645\u0644\u0641\u0627\u062a \u062a\u0639\u0631\u064a\u0641 \u0627\u0644\u0627\u0631\u062a\u0628\u0627\u0637 \u0627\u0644\u0645\u062d\u0641\u0648\u0638\u0629<br \/>\n\u0631\u0648\u0627\u0628\u0637 \u0625\u062f\u0627\u0631\u0629 \u0627\u0644\u0645\u062a\u0635\u0641\u062d \u0627\u0644\u0634\u0627\u0626\u0639\u0629:<\/p>\n<p>\u0643\u0631\u0648\u0645: \u0643\u0631\u0648\u0645:\/\/\u0625\u0639\u062f\u0627\u062f\u0627\u062a\/\u0643\u0648\u0643\u064a\u0632<br \/>\n\u0641\u0627\u064a\u0631\u0641\u0648\u0643\u0633: \u062d\u0648\u0644:\u0627\u0644\u062a\u0641\u0636\u064a\u0644\u0627\u062a1TP5\u0627\u0644\u062e\u0635\u0648\u0635\u064a\u0629<br \/>\n\u0633\u0641\u0627\u0631\u064a \u0627\u0644\u062a\u0641\u0636\u064a\u0644\u0627\u062a \u2192 \u0627\u0644\u062e\u0635\u0648\u0635\u064a\u0629<br \/>\n\u0627\u0644\u062d\u0627\u0641\u0629: \u0627\u0644\u062d\u0627\u0641\u0629:\/\/\u0625\u0639\u062f\u0627\u062f\u0627\u062a\/\u0645\u062d\u062a\u0648\u0649\/\u0643\u0648\u0643\u064a\u0632<br \/>\n4.2 \u0644\u0648\u062d\u0629 \u0625\u062f\u0627\u0631\u0629 \u0645\u0644\u0641\u0627\u062a \u062a\u0639\u0631\u064a\u0641 \u0627\u0644\u0627\u0631\u062a\u0628\u0627\u0637 (\u0644\u0627\u0641\u062a\u0629 \u0627\u0644\u0645\u0648\u0627\u0641\u0642\u0629)<br \/>\n\u0645\u0646 \u062e\u0644\u0627\u0644 \u0634\u0627\u0634\u0629 \u0627\u0644\u0645\u0648\u0627\u0641\u0642\u0629 \u0639\u0644\u0649 \u0645\u0644\u0641\u0627\u062a \u062a\u0639\u0631\u064a\u0641 \u0627\u0644\u0627\u0631\u062a\u0628\u0627\u0637 \u0639\u0644\u0649 \u0645\u0648\u0642\u0639\u0646\u0627 \u0627\u0644\u0625\u0644\u0643\u062a\u0631\u0648\u0646\u064a:<\/p>\n<p>\u062a\u0634\u063a\u064a\u0644\/\u0625\u064a\u0642\u0627\u0641 \u062a\u0634\u063a\u064a\u0644 \u0645\u0644\u0641\u0627\u062a \u062a\u0639\u0631\u064a\u0641 \u0627\u0644\u0627\u0631\u062a\u0628\u0627\u0637 \u0627\u0644\u062a\u062d\u0644\u064a\u0644\u064a\u0629<br \/>\n\u062a\u0634\u063a\u064a\u0644\/\u0625\u064a\u0642\u0627\u0641 \u062a\u0634\u063a\u064a\u0644 \u0645\u0644\u0641\u0627\u062a \u062a\u0639\u0631\u064a\u0641 \u0627\u0644\u0627\u0631\u062a\u0628\u0627\u0637 \u0627\u0644\u062a\u0633\u0648\u064a\u0642\u064a\u0629<br \/>\n\u0645\u0639\u0644\u0648\u0645\u0627\u062a \u062d\u0648\u0644 \u0645\u0644\u0641\u0627\u062a \u062a\u0639\u0631\u064a\u0641 \u0627\u0644\u0627\u0631\u062a\u0628\u0627\u0637 \u0627\u0644\u0625\u0644\u0632\u0627\u0645\u064a\u0629<br \/>\n\u0645\u0645\u0643\u0646.<\/p>\n<p>5 - \u0645\u0644\u0641\u0627\u062a \u062a\u0639\u0631\u064a\u0641 \u0627\u0631\u062a\u0628\u0627\u0637 \u0627\u0644\u0637\u0631\u0641 \u0627\u0644\u062b\u0627\u0644\u062b<br \/>\nGoogle Analytics\u060c \u0648 Meta Pixel\u060c \u0648Hotjar\u060c \u0648\u0645\u0627 \u0625\u0644\u0649 \u0630\u0644\u0643. \u064a\u0645\u0643\u0646 \u0627\u0633\u062a\u062e\u062f\u0627\u0645 \u0645\u0644\u0641\u0627\u062a \u062a\u0639\u0631\u064a\u0641 \u0627\u0644\u0627\u0631\u062a\u0628\u0627\u0637 \u0627\u0644\u062e\u0627\u0635\u0629 \u0628\u0627\u0644\u062c\u0647\u0627\u062a \u0627\u0644\u062e\u0627\u0631\u062c\u064a\u0629 \u0645\u0646 \u062e\u0644\u0627\u0644 \u0645\u0632\u0648\u0651\u062f\u064a \u0627\u0644\u062e\u062f\u0645\u0629.<br \/>\n\u064a\u062a\u062d\u0645\u0644 \u0647\u0624\u0644\u0627\u0621 \u0627\u0644\u0645\u0632\u0648\u062f\u0648\u0646 \u0627\u0644\u0645\u0633\u0624\u0648\u0644\u064a\u0629 \u0627\u0644\u0645\u0628\u0627\u0634\u0631\u0629 \u0639\u0646 \u0633\u064a\u0627\u0633\u0627\u062a \u0645\u0644\u0641\u0627\u062a \u062a\u0639\u0631\u064a\u0641 \u0627\u0644\u0627\u0631\u062a\u0628\u0627\u0637 \u0627\u0644\u062e\u0627\u0635\u0629 \u0628\u0647\u0645.<\/p>\n<p>6- \u0645\u0639\u0627\u0644\u062c\u0629 \u0627\u0644\u0628\u064a\u0627\u0646\u0627\u062a \u0627\u0644\u0634\u062e\u0635\u064a\u0629 \u0648\u062d\u0645\u0627\u064a\u062a\u0647\u0627<br \/>\n\u0627\u0644\u0628\u064a\u0627\u0646\u0627\u062a \u0627\u0644\u0634\u062e\u0635\u064a\u0629 \u0627\u0644\u062a\u064a \u064a\u062a\u0645 \u062c\u0645\u0639\u0647\u0627 \u0645\u0646 \u062e\u0644\u0627\u0644 \u0645\u0644\u0641\u0627\u062a \u062a\u0639\u0631\u064a\u0641 \u0627\u0644\u0627\u0631\u062a\u0628\u0627\u0637\u061b \u062a\u062a\u0645 \u0645\u0639\u0627\u0644\u062c\u062a\u0647\u0627 \u0648\u0641\u0642\u064b\u0627 \u0644\u062a\u0634\u0631\u064a\u0639\u0627\u062a KVKK \u0648\u0627\u0644\u062a\u0634\u0631\u064a\u0639\u0627\u062a \u0630\u0627\u062a \u0627\u0644\u0635\u0644\u0629.<br \/>\n\u0644\u0644\u062d\u0635\u0648\u0644 \u0639\u0644\u0649 \u0645\u0639\u0644\u0648\u0645\u0627\u062a \u0645\u0641\u0635\u0644\u0629:<\/p>\n<p>\u0646\u0635 \u062a\u0648\u0636\u064a\u062d KVKKK \u0627\u0644\u062a\u0648\u0636\u064a\u062d\u064a<br \/>\n\u0633\u064a\u0627\u0633\u0629 \u0627\u0644\u062e\u0635\u0648\u0635\u064a\u0629<br \/>\n7 - \u0641\u062a\u0631\u0627\u062a \u062a\u062e\u0632\u064a\u0646 \u0645\u0644\u0641\u0627\u062a \u062a\u0639\u0631\u064a\u0641 \u0627\u0644\u0627\u0631\u062a\u0628\u0627\u0637<br \/>\n\u064a\u0645\u0643\u0646 \u062a\u062e\u0632\u064a\u0646 \u0645\u0644\u0641\u0627\u062a \u062a\u0639\u0631\u064a\u0641 \u0627\u0644\u0627\u0631\u062a\u0628\u0627\u0637 \u062d\u062a\u0649 \u064a\u062a\u0645 \u0625\u063a\u0644\u0627\u0642 \u0627\u0644\u0645\u062a\u0635\u0641\u062d (\u0645\u0644\u0641 \u062a\u0639\u0631\u064a\u0641 \u0627\u0631\u062a\u0628\u0627\u0637 \u0627\u0644\u062c\u0644\u0633\u0629) \u0623\u0648 \u0644\u0641\u062a\u0631\u0629 \u0632\u0645\u0646\u064a\u0629 \u0645\u0639\u064a\u0646\u0629 (\u0645\u0644\u0641 \u062a\u0639\u0631\u064a\u0641 \u0627\u0644\u0627\u0631\u062a\u0628\u0627\u0637 \u0627\u0644\u062f\u0627\u0626\u0645) \u062d\u0633\u0628 \u0627\u0644\u0646\u0648\u0639.<br \/>\n\u062a\u062e\u062a\u0644\u0641 \u0641\u062a\u0631\u0627\u062a \u0627\u0644\u0627\u062d\u062a\u0641\u0627\u0638 \u062d\u0633\u0628 \u0646\u0648\u0639 \u0645\u0644\u0641 \u062a\u0639\u0631\u064a\u0641 \u0627\u0644\u0627\u0631\u062a\u0628\u0627\u0637 \u0648\u064a\u0645\u0643\u0646 \u0639\u0631\u0636\u0647\u0627 \u0641\u064a \u0645\u062a\u0635\u0641\u062d\u0643.<\/p>\n<p>8 - \u0627\u0644\u062d\u0642 \u0641\u064a \u062a\u0639\u062f\u064a\u0644 \u0633\u064a\u0627\u0633\u0629 \u0645\u0644\u0641\u0627\u062a \u062a\u0639\u0631\u064a\u0641 \u0627\u0644\u0627\u0631\u062a\u0628\u0627\u0637<br \/>\n\u062a\u062d\u062a\u0641\u0638 \u0634\u0631\u0643\u0629 \u0647\u0627\u0645\u0644 \u0623\u0648\u0641\u064a\u0633 \u0644\u0635\u0646\u0627\u0639\u0629 \u0627\u0644\u0623\u062b\u0627\u062b \u0648\u0627\u0644\u062a\u062c\u0627\u0631\u0629 \u0627\u0644\u0645\u062d\u062f\u0648\u062f\u0629 \u0628\u0627\u0644\u062d\u0642 \u0641\u064a \u062a\u062d\u062f\u064a\u062b \u0633\u064a\u0627\u0633\u0629 \u0645\u0644\u0641\u0627\u062a \u062a\u0639\u0631\u064a\u0641 \u0627\u0644\u0627\u0631\u062a\u0628\u0627\u0637 \u0627\u0644\u062e\u0627\u0635\u0629 \u0628\u0647\u0627.<br \/>\n\u062a\u062f\u062e\u0644 \u0627\u0644\u0633\u064a\u0627\u0633\u0629 \u0627\u0644\u0645\u062d\u062f\u062b\u0629 \u062d\u064a\u0632 \u0627\u0644\u062a\u0646\u0641\u064a\u0630 \u0628\u0645\u062c\u0631\u062f \u0646\u0634\u0631\u0647\u0627 \u0639\u0644\u0649 \u0627\u0644\u0645\u0648\u0642\u0639.<\/p>\n<p>9 - \u0627\u0644\u0627\u062a\u0635\u0627\u0644\u0627\u062a<br \/>\n\u0644\u062c\u0645\u064a\u0639 \u0627\u0644\u0637\u0644\u0628\u0627\u062a \u0627\u0644\u0645\u062a\u0639\u0644\u0642\u0629 \u0628\u0645\u0644\u0641\u0627\u062a \u062a\u0639\u0631\u064a\u0641 \u0627\u0644\u0627\u0631\u062a\u0628\u0627\u0637 \u0648\u0645\u0639\u0627\u0644\u062c\u0629 \u0627\u0644\u0628\u064a\u0627\u0646\u0627\u062a \u0627\u0644\u0634\u062e\u0635\u064a\u0629:<\/p>\n<p>\u0634\u0631\u0643\u0629 \u0647\u0627\u0645\u0644 \u0644\u0635\u0646\u0627\u0639\u0629 \u0648\u062a\u062c\u0627\u0631\u0629 \u0627\u0644\u0623\u062b\u0627\u062b \u0627\u0644\u0645\u0643\u062a\u0628\u064a \u0647\u0627\u0645\u0644 \u0627\u0644\u0645\u062d\u062f\u0648\u062f\u0629<br \/>\n\u0627\u0644\u0639\u0646\u0648\u0627\u0646: \u064a\u0646\u064a\u0628\u0648\u0633\u0646\u0627 \u0645\u064a\u0631\u0643\u064a\u0632 \u0645\u0627\u0647\u0627\u0644\u064a\u0633\u064a \u0645\u0648\u0634\u062a\u0648 \u0633\u0648\u0643\u0627\u0643 \u0631\u0642\u0645: 40-42\/\u0628\u0627\u0647\u062c\u0644\u064a\u0641\u0644\u0631\/\u0625\u0633\u0637\u0646\u0628\u0648\u0644<br \/>\n\u0627\u0644\u0628\u0631\u064a\u062f \u0627\u0644\u0625\u0644\u0643\u062a\u0631\u0648\u0646\u064a: muhasebe@hamleofis.com<\/p>","protected":false},"excerpt":{"rendered":"<p>\u00c7EREZ POL\u0130T\u0130KASI www.zieno.com.tr HAMLE OF\u0130S MOB\u0130LYALARI SANAY\u0130 VE T\u0130CARET L\u0130M\u0130TED \u015e\u0130RKET\u0130 Bu \u00c7erez Politikas\u0131, web sitemiz www.zieno.com.tr (\u201cSite\u201d) ziyaret edildi\u011finde kullan\u0131lan \u00e7erez [&hellip;]<\/p>","protected":false},"author":1,"featured_media":0,"parent":0,"menu_order":0,"comment_status":"closed","ping_status":"closed","template":"","meta":{"footnotes":""},"class_list":["post-446","page","type-page","status-publish","hentry"],"_links":{"self":[{"href":"https:\/\/zieno.com.tr\/ar\/wp-json\/wp\/v2\/pages\/446","targetHints":{"allow":["GET"]}}],"collection":[{"href":"https:\/\/zieno.com.tr\/ar\/wp-json\/wp\/v2\/pages"}],"about":[{"href":"https:\/\/zieno.com.tr\/ar\/wp-json\/wp\/v2\/types\/page"}],"author":[{"embeddable":true,"href":"https:\/\/zieno.com.tr\/ar\/wp-json\/wp\/v2\/users\/1"}],"replies":[{"embeddable":true,"href":"https:\/\/zieno.com.tr\/ar\/wp-json\/wp\/v2\/comments?post=446"}],"version-history":[{"count":0,"href":"https:\/\/zieno.com.tr\/ar\/wp-json\/wp\/v2\/pages\/446\/revisions"}],"wp:attachment":[{"href":"https:\/\/zieno.com.tr\/ar\/wp-json\/wp\/v2\/media?parent=446"}],"curies":[{"name":"wp","href":"https:\/\/api.w.org\/{rel}","templated":true}]}}