{"id":444,"date":"2025-12-09T07:02:05","date_gmt":"2025-12-09T07:02:05","guid":{"rendered":"https:\/\/demo.zieno.com.tr\/?page_id=444"},"modified":"2025-12-09T07:02:05","modified_gmt":"2025-12-09T07:02:05","slug":"%d9%83-%d9%81-%d9%83-%d9%83-%d9%83","status":"publish","type":"page","link":"https:\/\/zieno.com.tr\/ar\/%d9%83-%d9%81-%d9%83-%d9%83-%d9%83\/","title":{"rendered":"KVKKK"},"content":{"rendered":"<p>kvkkk \u0646\u0635 \u062a\u0648\u0636\u064a\u062d\u064a<br \/>\n\u0634\u0631\u0643\u0629 \u0647\u0627\u0645\u0644 \u0644\u0635\u0646\u0627\u0639\u0629 \u0648\u062a\u062c\u0627\u0631\u0629 \u0627\u0644\u0623\u062b\u0627\u062b \u0627\u0644\u0645\u0643\u062a\u0628\u064a \u0647\u0627\u0645\u0644 \u0627\u0644\u0645\u062d\u062f\u0648\u062f\u0629<br \/>\nwww.zieno.com.tr<\/p>\n<p>\u062a\u064f\u0648\u0644\u064a \u0634\u0631\u0643\u0629 \u0647\u0627\u0645\u0644 \u0623\u0648\u0641\u064a\u0633 \u0644\u0635\u0646\u0627\u0639\u0629 \u0627\u0644\u0623\u062b\u0627\u062b \u0648\u0627\u0644\u062a\u062c\u0627\u0631\u0629 \u0627\u0644\u0645\u062d\u062f\u0648\u062f\u0629 (\u201c\u0627\u0644\u0634\u0631\u0643\u0629\u201d) \u0623\u0647\u0645\u064a\u0629 \u0643\u0628\u064a\u0631\u0629 \u0644\u062d\u0645\u0627\u064a\u0629 \u0628\u064a\u0627\u0646\u0627\u062a\u0643 \u0627\u0644\u0634\u062e\u0635\u064a\u0629 \u0648\u0647\u064a \u0627\u0644\u0645\u062a\u062d\u0643\u0645 \u0641\u064a \u0627\u0644\u0628\u064a\u0627\u0646\u0627\u062a \u0628\u0645\u0648\u062c\u0628 \u0642\u0627\u0646\u0648\u0646 \u062d\u0645\u0627\u064a\u0629 \u0627\u0644\u0628\u064a\u0627\u0646\u0627\u062a \u0627\u0644\u0634\u062e\u0635\u064a\u0629 \u0631\u0642\u0645 6698 (\u201cKVKK\u201d).<\/p>\n<p>\u064a\u0648\u0636\u062d \u0647\u0630\u0627 \u0627\u0644\u0646\u0635 \u0627\u0644\u062a\u0648\u0636\u064a\u062d\u064a \u0637\u0631\u0642 \u062c\u0645\u0639 \u0628\u064a\u0627\u0646\u0627\u062a\u0643 \u0627\u0644\u0634\u062e\u0635\u064a\u0629 \u0648\u0623\u063a\u0631\u0627\u0636 \u0627\u0644\u0645\u0639\u0627\u0644\u062c\u0629 \u0648\u0627\u0644\u0623\u0633\u0628\u0627\u0628 \u0627\u0644\u0642\u0627\u0646\u0648\u0646\u064a\u0629 \u0648\u062d\u0642\u0648\u0642\u0643 \u0641\u064a \u0646\u0637\u0627\u0642 \u0627\u0644\u0645\u0639\u0627\u0645\u0644\u0627\u062a \u0627\u0644\u062a\u064a \u062a\u062a\u0645 \u0645\u0646 \u062e\u0644\u0627\u0644 www.zieno.com.tr.<\/p>\n<p>1- \u0647\u0648\u064a\u0629 \u0645\u0631\u0627\u0642\u0628 \u0627\u0644\u0628\u064a\u0627\u0646\u0627\u062a<br \/>\n\u0634\u0631\u0643\u0629 \u0647\u0627\u0645\u0644 \u0644\u0635\u0646\u0627\u0639\u0629 \u0648\u062a\u062c\u0627\u0631\u0629 \u0627\u0644\u0623\u062b\u0627\u062b \u0627\u0644\u0645\u0643\u062a\u0628\u064a \u0647\u0627\u0645\u0644 \u0627\u0644\u0645\u062d\u062f\u0648\u062f\u0629<br \/>\n\u0627\u0644\u0639\u0646\u0648\u0627\u0646: \u064a\u0646\u064a\u0628\u0648\u0633\u0646\u0627 \u0645\u064a\u0631\u0643\u064a\u0632 \u0645\u0627\u0647\u0627\u0644\u064a\u0633\u064a \u0645\u0648\u0634\u062a\u0648 \u0633\u0648\u0643\u0627\u0643 \u0631\u0642\u0645: 40-42\/\u0628\u0627\u0647\u062c\u0644\u064a\u0641\u0644\u0631\/\u0625\u0633\u0637\u0646\u0628\u0648\u0644<br \/>\n\u0627\u0644\u0628\u0631\u064a\u062f \u0627\u0644\u0625\u0644\u0643\u062a\u0631\u0648\u0646\u064a: muhasebe@hamleofis.com<br \/>\n\u0631\u0642\u0645 \u0627\u0644\u0636\u0631\u064a\u0628\u0629: 4560157600 - Yeni Bosna V.D.<\/p>\n<p>2 - \u0627\u0644\u0628\u064a\u0627\u0646\u0627\u062a \u0627\u0644\u0634\u062e\u0635\u064a\u0629 \u0627\u0644\u0645\u0639\u0627\u0644\u062c\u0629<br \/>\n\u0642\u062f \u062a\u062a\u0645 \u0645\u0639\u0627\u0644\u062c\u0629 \u0627\u0644\u0641\u0626\u0627\u062a \u0627\u0644\u062a\u0627\u0644\u064a\u0629 \u0645\u0646 \u0627\u0644\u0628\u064a\u0627\u0646\u0627\u062a \u0627\u0644\u0634\u062e\u0635\u064a\u0629:<\/p>\n<p>\u0645\u0639\u0644\u0648\u0645\u0627\u062a \u0627\u0644\u0647\u0648\u064a\u0629: \u0627\u0644\u0627\u0633\u0645 \u0648\u0627\u0644\u0644\u0642\u0628<br \/>\n\u062a\u0641\u0627\u0635\u064a\u0644 \u0627\u0644\u0627\u062a\u0635\u0627\u0644: \u0627\u0644\u0647\u0627\u062a\u0641 \u0648\u0627\u0644\u0628\u0631\u064a\u062f \u0627\u0644\u0625\u0644\u0643\u062a\u0631\u0648\u0646\u064a \u0648\u0627\u0644\u0639\u0646\u0648\u0627\u0646<br \/>\n\u0645\u0639\u0644\u0648\u0645\u0627\u062a \u0645\u0639\u0627\u0645\u0644\u0627\u062a \u0627\u0644\u0639\u0645\u064a\u0644: \u0627\u0644\u0637\u0644\u0628\u060c \u0627\u0644\u0633\u0644\u0629\u060c \u0645\u0639\u0644\u0648\u0645\u0627\u062a \u0627\u0644\u062f\u0641\u0639<br \/>\n\u0627\u0644\u0645\u0639\u0644\u0648\u0645\u0627\u062a \u0627\u0644\u0645\u0627\u0644\u064a\u0629: \u0627\u0644\u062a\u062d\u0635\u064a\u0644\u060c \u0645\u0639\u0644\u0648\u0645\u0627\u062a \u0627\u0644\u0641\u0648\u0627\u062a\u064a\u0631 (\u0644\u0627 \u064a\u062a\u0645 \u062a\u0633\u062c\u064a\u0644 \u0645\u0639\u0644\u0648\u0645\u0627\u062a \u0627\u0644\u0628\u0637\u0627\u0642\u0629)<br \/>\n\u0645\u0639\u0644\u0648\u0645\u0627\u062a \u0627\u0644\u0637\u0644\u0628\/\u0627\u0644\u0634\u0643\u0648\u0649<br \/>\n\u0645\u0639\u0644\u0648\u0645\u0627\u062a \u0627\u0644\u062a\u0633\u0648\u064a\u0642: \u0628\u064a\u0627\u0646\u0627\u062a \u0645\u0644\u0641\u0627\u062a \u062a\u0639\u0631\u064a\u0641 \u0627\u0644\u0627\u0631\u062a\u0628\u0627\u0637 \u0648\u062a\u0641\u0636\u064a\u0644\u0627\u062a \u0627\u0644\u062d\u0645\u0644\u0629<br \/>\n\u0645\u0639\u0627\u0644\u062c\u0629 \u0627\u0644\u0628\u064a\u0627\u0646\u0627\u062a \u0627\u0644\u0623\u0645\u0646\u064a\u0629: \u0639\u0646\u0648\u0627\u0646 IP\u060c \u0648\u0633\u062c\u0644\u0627\u062a \u0627\u0644\u0633\u062c\u0644\u0627\u062a\u060c \u0648\u0645\u0639\u0644\u0648\u0645\u0627\u062a \u0627\u0644\u062c\u0647\u0627\u0632<br \/>\n3- \u0637\u0631\u064a\u0642\u0629 \u062c\u0645\u0639 \u0627\u0644\u0628\u064a\u0627\u0646\u0627\u062a \u0627\u0644\u0634\u062e\u0635\u064a\u0629<br \/>\n\u0628\u064a\u0627\u0646\u0627\u062a\u0643 \u0627\u0644\u0634\u062e\u0635\u064a\u0629;<\/p>\n<p>\u0645\u0639\u0627\u0645\u0644\u0627\u062a \u0627\u0644\u0639\u0636\u0648\u064a\u0629 \u0648\u0627\u0644\u0637\u0644\u0628 \u0648\u0627\u0644\u0627\u062a\u0635\u0627\u0644 \u0648\u0627\u0644\u062f\u0641\u0639 \u0639\u0628\u0631 \u0627\u0644\u0645\u0648\u0642\u0639 \u0627\u0644\u0625\u0644\u0643\u062a\u0631\u0648\u0646\u064a,<br \/>\n\u0648\u062d\u062f\u0627\u062a \u062e\u062f\u0645\u0629 \u0627\u0644\u0639\u0645\u0644\u0627\u0621 \u0648\u0627\u0644\u062f\u0639\u0645,<br \/>\n\u0645\u0644\u0641\u0627\u062a \u062a\u0639\u0631\u064a\u0641 \u0627\u0644\u0627\u0631\u062a\u0628\u0627\u0637 \u0648\u0627\u0644\u0645\u0639\u0631\u0641\u0627\u062a \u0639\u0628\u0631 \u0627\u0644\u0625\u0646\u062a\u0631\u0646\u062a,<br \/>\n\u0648\u0633\u0627\u0626\u0644 \u0627\u0644\u062a\u0648\u0627\u0635\u0644 \u0627\u0644\u0627\u062c\u062a\u0645\u0627\u0639\u064a \u0648\u0623\u062f\u0648\u0627\u062a \u0627\u0644\u062a\u0633\u0648\u064a\u0642 \u0627\u0644\u0631\u0642\u0645\u064a,<br \/>\n\u0645\u0646 \u062e\u0644\u0627\u0644 \u0623\u0646\u0638\u0645\u0629 \u0627\u0644\u0634\u062d\u0646 \u0648\u0627\u0644\u062f\u0641\u0639<br \/>\n\u0642\u062f \u064a\u062a\u0645 \u062c\u0645\u0639\u0647\u0627 \u0628\u0637\u0631\u0642 \u0622\u0644\u064a\u0629 \u0623\u0648 \u063a\u064a\u0631 \u0622\u0644\u064a\u0629\u060c \u0625\u0644\u0643\u062a\u0631\u0648\u0646\u064a\u0627\u064b \u0623\u0648 \u0645\u0627\u062f\u064a\u0627\u064b.<\/p>\n<p>4- \u0623\u063a\u0631\u0627\u0636 \u0645\u0639\u0627\u0644\u062c\u0629 \u0627\u0644\u0628\u064a\u0627\u0646\u0627\u062a \u0627\u0644\u0634\u062e\u0635\u064a\u0629<br \/>\n\u062a\u062a\u0645 \u0645\u0639\u0627\u0644\u062c\u0629 \u0628\u064a\u0627\u0646\u0627\u062a\u0643 \u0627\u0644\u0634\u062e\u0635\u064a\u0629 \u0644\u0644\u0623\u063a\u0631\u0627\u0636 \u0627\u0644\u062a\u0627\u0644\u064a\u0629:<\/p>\n<p>4.1 \u062a\u0642\u062f\u064a\u0645 \u0627\u0644\u062e\u062f\u0645\u0627\u062a<br \/>\n\u0625\u0646\u0634\u0627\u0621 \u0639\u0636\u0648\u064a\u0629<br \/>\n\u062a\u0646\u0641\u064a\u0630 \u0639\u0645\u0644\u064a\u0627\u062a \u0627\u0633\u062a\u0644\u0627\u0645 \u0627\u0644\u0637\u0644\u0628\u0627\u062a \u0648\u0625\u0639\u062f\u0627\u062f\u0647\u0627 \u0648\u062a\u0633\u0644\u064a\u0645\u0647\u0627<br \/>\n\u0627\u0644\u0625\u0631\u062c\u0627\u0639 \u0648\u0627\u0644\u0627\u0633\u062a\u0628\u062f\u0627\u0644 \u0648\u0627\u0644\u0641\u0648\u0627\u062a\u064a\u0631<br \/>\n4.2 \u0625\u062f\u0627\u0631\u0629 \u0639\u0644\u0627\u0642\u0627\u062a \u0627\u0644\u0639\u0645\u0644\u0627\u0621<br \/>\n\u062a\u0644\u0642\u064a \u0637\u0644\u0628\u0627\u062a \u0627\u0644\u062f\u0639\u0645 \u0648\u0627\u0644\u0631\u062f \u0639\u0644\u064a\u0647\u0627<br \/>\n\u0639\u0645\u0644\u064a\u0627\u062a \u0625\u0631\u0636\u0627\u0621 \u0627\u0644\u0639\u0645\u0644\u0627\u0621<br \/>\n4.3 \u0627\u0644\u0627\u0644\u062a\u0632\u0627\u0645\u0627\u062a \u0627\u0644\u0642\u0627\u0646\u0648\u0646\u064a\u0629<br \/>\n\u0627\u0644\u0645\u0639\u0627\u0645\u0644\u0627\u062a \u0627\u0644\u0636\u0631\u064a\u0628\u064a\u0629 \u0648\u0627\u0644\u0645\u062d\u0627\u0633\u0628\u064a\u0629<br \/>\n\u062a\u0644\u0628\u064a\u0629 \u0637\u0644\u0628\u0627\u062a \u0627\u0644\u0645\u0624\u0633\u0633\u0627\u062a \u0648\u0627\u0644\u0645\u0646\u0638\u0645\u0627\u062a \u0627\u0644\u0645\u0635\u0631\u062d \u0644\u0647\u0627 \u0628\u0630\u0644\u0643<br \/>\n4.4 \u0627\u0644\u062a\u0633\u0648\u064a\u0642 \u0648\u0627\u0644\u062a\u062d\u0644\u064a\u0644<br \/>\n\u0625\u062f\u0627\u0631\u0629 \u0645\u0644\u0641\u0627\u062a \u062a\u0639\u0631\u064a\u0641 \u0627\u0644\u0627\u0631\u062a\u0628\u0627\u0637<br \/>\n\u0625\u0631\u0633\u0627\u0644 \u0631\u0633\u0627\u0626\u0644 \u0627\u0644\u062d\u0645\u0644\u0627\u062a \u0648\u0627\u0644\u0625\u0639\u0644\u0627\u0646\u0627\u062a (\u0628\u0645\u0648\u0627\u0641\u0642\u0629 \u0635\u0631\u064a\u062d\u0629)<br \/>\n\u062a\u062d\u0644\u064a\u0644\u0627\u062a \u0627\u0633\u062a\u062e\u062f\u0627\u0645 \u0627\u0644\u0645\u0648\u0642\u0639<br \/>\n\u062a\u062d\u0633\u064a\u0646 \u0627\u0644\u062a\u062c\u0631\u0628\u0629<br \/>\n4.5 \u0627\u0644\u0623\u0645\u0646<br \/>\n\u0623\u0645\u0646 \u0627\u0644\u0645\u0639\u0627\u0645\u0644\u0627\u062a\u060c \u0648\u0627\u0644\u0643\u0634\u0641 \u0639\u0646 \u0645\u062e\u0627\u0637\u0631 \u0627\u0644\u0627\u062d\u062a\u064a\u0627\u0644<br \/>\n\u0627\u0644\u0627\u062d\u062a\u0641\u0627\u0638 \u0628\u0633\u062c\u0644\u0627\u062a \u0627\u0644\u0633\u062c\u0644\u0627\u062a<br \/>\n5 - \u0646\u0642\u0644 \u0627\u0644\u0628\u064a\u0627\u0646\u0627\u062a \u0627\u0644\u0634\u062e\u0635\u064a\u0629<br \/>\n\u0642\u062f \u062a\u064f\u0646\u0642\u0644 \u0628\u064a\u0627\u0646\u0627\u062a\u0643 \u0627\u0644\u0634\u062e\u0635\u064a\u0629 \u0628\u0634\u0643\u0644 \u0642\u0627\u0646\u0648\u0646\u064a \u0625\u0644\u0649 \u0627\u0644\u0623\u0634\u062e\u0627\u0635 \u0648\u0627\u0644\u0645\u0646\u0638\u0645\u0627\u062a \u0627\u0644\u062a\u0627\u0644\u064a\u0629:<\/p>\n<p>\u0634\u0631\u0643\u0627\u062a \u0627\u0644\u0634\u062d\u0646\/\u0634\u0631\u0643\u0627\u062a \u0627\u0644\u062e\u062f\u0645\u0627\u062a \u0627\u0644\u0644\u0648\u062c\u0633\u062a\u064a\u0629<br \/>\n\u0645\u0624\u0633\u0633\u0627\u062a \u0627\u0644\u062f\u0641\u0639 \u0648\u0627\u0644\u0628\u0646\u0648\u0643<br \/>\n\u0627\u0644\u062e\u062f\u0645\u0627\u062a \u0627\u0644\u0627\u0633\u062a\u0634\u0627\u0631\u064a\u0629 \u0627\u0644\u0645\u062d\u0627\u0633\u0628\u064a\u0629 \u0648\u0627\u0644\u0645\u0627\u0644\u064a\u0629<br \/>\n\u0627\u0644\u0634\u0631\u0643\u0627\u062a \u0627\u0644\u062a\u064a \u062a\u0642\u062f\u0645 \u062e\u062f\u0645\u0627\u062a \u062a\u0643\u0646\u0648\u0644\u0648\u062c\u064a\u0627 \u0627\u0644\u0645\u0639\u0644\u0648\u0645\u0627\u062a \u0648\u0627\u0644\u0628\u0646\u064a\u0629 \u0627\u0644\u062a\u062d\u062a\u064a\u0629<br \/>\n\u0627\u0644\u0645\u0624\u0633\u0633\u0627\u062a \u0627\u0644\u0639\u0627\u0645\u0629 \u0627\u0644\u0645\u0635\u0631\u062d \u0644\u0647\u0627 \u0642\u0627\u0646\u0648\u0646\u064b\u0627<br \/>\n\u0644\u0627 \u062a\u062a\u0645 \u0645\u0634\u0627\u0631\u0643\u0629 \u0623\u064a \u0628\u064a\u0627\u0646\u0627\u062a \u0634\u062e\u0635\u064a\u0629 \u0645\u0639 \u0623\u0637\u0631\u0627\u0641 \u062b\u0627\u0644\u062b\u0629 \u0628\u0634\u0643\u0644 \u063a\u064a\u0631 \u0642\u0627\u0646\u0648\u0646\u064a.<\/p>\n<p>6 - \u0627\u0644\u0623\u0633\u0628\u0627\u0628 \u0627\u0644\u0642\u0627\u0646\u0648\u0646\u064a\u0629 \u0644\u0645\u0639\u0627\u0644\u062c\u0629 \u0627\u0644\u0628\u064a\u0627\u0646\u0627\u062a \u0627\u0644\u0634\u062e\u0635\u064a\u0629<br \/>\n\u0628\u064a\u0627\u0646\u0627\u062a\u0643 \u0627\u0644\u0634\u062e\u0635\u064a\u0629;<\/p>\n<p>KVKKK \u0627\u0644\u0645\u0627\u062f\u0629 5\/2-\u062c: \u0625\u0646\u0634\u0627\u0621 \u0627\u0644\u0639\u0642\u062f \u0623\u0648 \u062a\u0646\u0641\u064a\u0630\u0647<br \/>\nKVKKK \u0627\u0644\u0645\u0627\u062f\u0629 5\/2-\u00e7: \u0627\u0644\u0648\u0641\u0627\u0621 \u0628\u0627\u0644\u0627\u0644\u062a\u0632\u0627\u0645 \u0627\u0644\u0642\u0627\u0646\u0648\u0646\u064a<br \/>\nKVKKK \u0627\u0644\u0645\u0627\u062f\u0629 5\/2-\u0648: \u0627\u0644\u0645\u0635\u0644\u062d\u0629 \u0627\u0644\u0645\u0634\u0631\u0648\u0639\u0629<br \/>\n\u0627\u0644\u0645\u0648\u0627\u0641\u0642\u0629 \u0627\u0644\u0635\u0631\u064a\u062d\u0629 (\u0627\u0644\u0627\u062a\u0635\u0627\u0644\u0627\u062a \u0627\u0644\u062a\u0633\u0648\u064a\u0642\u064a\u0629\u060c \u0627\u0633\u062a\u062e\u062f\u0627\u0645 \u0645\u0644\u0641\u0627\u062a \u062a\u0639\u0631\u064a\u0641 \u0627\u0644\u0627\u0631\u062a\u0628\u0627\u0637\u060c \u0625\u0644\u062e)<br \/>\n\u062a\u062a\u0645 \u0645\u0639\u0627\u0644\u062c\u062a\u0647\u0627 \u0639\u0644\u0649 \u0623\u0633\u0633 \u0642\u0627\u0646\u0648\u0646\u064a\u0629.<\/p>\n<p>7- \u0641\u062a\u0631\u0629 \u0627\u0644\u0627\u062d\u062a\u0641\u0627\u0638 \u0628\u0627\u0644\u0628\u064a\u0627\u0646\u0627\u062a \u0627\u0644\u0634\u062e\u0635\u064a\u0629<br \/>\n\u062a\u064f\u062e\u0632\u064e\u0651\u0646 \u0627\u0644\u0628\u064a\u0627\u0646\u0627\u062a \u0627\u0644\u0634\u062e\u0635\u064a\u0629 \u0644\u0644\u0641\u062a\u0631\u0627\u062a \u0627\u0644\u0645\u0646\u0635\u0648\u0635 \u0639\u0644\u064a\u0647\u0627 \u0641\u064a \u0627\u0644\u062a\u0634\u0631\u064a\u0639\u0627\u062a \u0630\u0627\u062a \u0627\u0644\u0635\u0644\u0629\u061b \u0648\u0641\u064a \u0627\u0644\u062d\u0627\u0644\u0627\u062a \u0627\u0644\u062a\u064a \u0644\u0627 \u062a\u0648\u062c\u062f \u0641\u064a\u0647\u0627 \u0641\u062a\u0631\u0629 \u0641\u064a \u0627\u0644\u062a\u0634\u0631\u064a\u0639\u0627\u062a\u060c \u064a\u062a\u0645 \u062a\u062e\u0632\u064a\u0646\u0647\u0627 \u0644\u0644\u0641\u062a\u0631\u0629 \u0627\u0644\u0645\u0637\u0644\u0648\u0628\u0629 \u0644\u063a\u0631\u0636 \u0627\u0644\u0645\u0639\u0627\u0644\u062c\u0629 \u0648\u064a\u062a\u0645 \u062d\u0630\u0641\u0647\u0627 \u0623\u0648 \u0625\u062a\u0644\u0627\u0641\u0647\u0627 \u0623\u0648 \u0625\u062e\u0641\u0627\u0621 \u0647\u0648\u064a\u062a\u0647\u0627 \u0641\u064a \u0646\u0647\u0627\u064a\u0629 \u0627\u0644\u0641\u062a\u0631\u0629.<\/p>\n<p>8- \u062d\u0642\u0648\u0642 \u0635\u0627\u062d\u0628 \u0627\u0644\u0628\u064a\u0627\u0646\u0627\u062a (\u0627\u0644\u0645\u0627\u062f\u0629 11 \u0645\u0646 \u0642\u0627\u0646\u0648\u0646 \u062d\u0645\u0627\u064a\u0629 \u0627\u0644\u0628\u064a\u0627\u0646\u0627\u062a \u0627\u0644\u0634\u062e\u0635\u064a\u0629)<br \/>\n\u0644\u062f\u064a\u0643 \u0627\u0644\u062d\u0642\u0648\u0642 \u0627\u0644\u062a\u0627\u0644\u064a\u0629:<\/p>\n<p>\u0644\u0645\u0639\u0631\u0641\u0629 \u0645\u0627 \u0625\u0630\u0627 \u0643\u0627\u0646\u062a \u0627\u0644\u0628\u064a\u0627\u0646\u0627\u062a \u0627\u0644\u0634\u062e\u0635\u064a\u0629 \u062a\u062a\u0645 \u0645\u0639\u0627\u0644\u062c\u062a\u0647\u0627 \u0623\u0645 \u0644\u0627<br \/>\n\u0641\u064a \u062d\u0627\u0644\u0629 \u0645\u0639\u0627\u0644\u062c\u062a\u0647\u0627\u060c \u0644\u0637\u0644\u0628 \u0645\u0639\u0644\u0648\u0645\u0627\u062a \u0639\u0646\u0647\u0627<br \/>\n\u0645\u0639\u0631\u0641\u0629 \u0627\u0644\u063a\u0631\u0636 \u0645\u0646 \u0627\u0644\u0645\u0639\u0627\u0644\u062c\u0629<br \/>\n\u0645\u0639\u0631\u0641\u0629 \u0627\u0644\u0623\u0637\u0631\u0627\u0641 \u0627\u0644\u062b\u0627\u0644\u062b\u0629 \u0627\u0644\u062a\u064a \u064a\u062a\u0645 \u0646\u0642\u0644 \u0627\u0644\u0628\u064a\u0627\u0646\u0627\u062a \u0625\u0644\u064a\u0647\u0627<br \/>\n\u0637\u0644\u0628 \u062a\u0635\u062d\u064a\u062d \u0627\u0644\u0628\u064a\u0627\u0646\u0627\u062a \u063a\u064a\u0631 \u0627\u0644\u0645\u0643\u062a\u0645\u0644\u0629 \u0623\u0648 \u0627\u0644\u062a\u064a \u062a\u0645\u062a \u0645\u0639\u0627\u0644\u062c\u062a\u0647\u0627 \u0628\u0634\u0643\u0644 \u063a\u064a\u0631 \u0635\u062d\u064a\u062d<br \/>\n\u0637\u0644\u0628 \u0627\u0644\u062d\u0630\u0641 \u0623\u0648 \u0627\u0644\u062a\u062f\u0645\u064a\u0631<br \/>\n\u0644\u0644\u0645\u0637\u0627\u0644\u0628\u0629 \u0628\u062a\u0639\u0648\u064a\u0636 \u0639\u0646 \u0627\u0644\u0623\u0636\u0631\u0627\u0631 \u0627\u0644\u062a\u064a \u0644\u062d\u0642\u062a \u0628\u0643 \u0641\u064a \u062d\u0627\u0644\u0629 \u0643\u0627\u0646\u062a \u0627\u0644\u0645\u0639\u0627\u0644\u062c\u0629 \u063a\u064a\u0631 \u0642\u0627\u0646\u0648\u0646\u064a\u0629<br \/>\n\u0637\u0644\u0628\u0627\u062a\u0643 \u0644\u062d\u0642\u0648\u0642\u0643<br \/>\n\u064a\u0645\u0643\u0646\u0643 \u0625\u0631\u0633\u0627\u0644\u0647\u0627 \u0625\u0644\u0649 muhasebe@hamleofis.com.<\/p>\n<p>9- \u0637\u0631\u064a\u0642\u0629 \u0627\u0644\u062a\u0637\u0628\u064a\u0642<br \/>\n\u0627\u0644\u062a\u0637\u0628\u064a\u0642\u0627\u062a;<\/p>\n<p>\u0645\u0639 \u062a\u0642\u062f\u064a\u0645 \u0627\u0644\u062a\u0645\u0627\u0633 \u0645\u0643\u062a\u0648\u0628 \u0625\u0644\u0649 \u0639\u0646\u0648\u0627\u0646 \u0627\u0644\u0634\u0631\u0643\u0629,<br \/>\n\u0639\u0646 \u0637\u0631\u064a\u0642 \u062a\u0623\u0643\u064a\u062f \u0627\u0644\u0647\u0648\u064a\u0629 \u0639\u0628\u0631 \u0627\u0644\u0628\u0631\u064a\u062f \u0627\u0644\u0625\u0644\u0643\u062a\u0631\u0648\u0646\u064a,<br \/>\n\u0646\u0645\u0648\u0630\u062c \u0637\u0644\u0628 KVKKK (\u064a\u0645\u0643\u0646\u0646\u064a \u0625\u0639\u062f\u0627\u062f\u0647) \u0639\u0628\u0631<br \/>\n\u064a\u0645\u0643\u0646 \u0623\u0646 \u062a\u0646\u062a\u0642\u0644.<\/p>\n<p>10- \u0627\u0644\u0625\u0646\u0641\u0627\u0630<br \/>\n\u064a\u062f\u062e\u0644 \u0647\u0630\u0627 \u0627\u0644\u0646\u0635 \u0627\u0644\u062a\u0648\u0636\u064a\u062d\u064a \u062d\u064a\u0632 \u0627\u0644\u062a\u0646\u0641\u064a\u0630 \u0641\u064a \u062a\u0627\u0631\u064a\u062e \u0646\u0634\u0631\u0647 \u0639\u0644\u0649 \u0627\u0644\u0645\u0648\u0642\u0639 \u0627\u0644\u0625\u0644\u0643\u062a\u0631\u0648\u0646\u064a www.zieno.com.tr.<br \/>\n\u064a\u062c\u0648\u0632 \u0644\u0644\u0634\u0631\u0643\u0629 \u0625\u062c\u0631\u0627\u0621 \u062a\u063a\u064a\u064a\u0631\u0627\u062a \u0641\u064a \u0627\u0644\u0646\u0635 \u0639\u0646\u062f \u0627\u0644\u0636\u0631\u0648\u0631\u0629.<\/p>","protected":false},"excerpt":{"rendered":"<p>KVKK AYDINLATMA METN\u0130 HAMLE OF\u0130S MOB\u0130LYALARI SANAY\u0130 VE T\u0130CARET L\u0130M\u0130TED \u015e\u0130RKET\u0130 www.zieno.com.tr HAMLE OF\u0130S MOB\u0130LYALARI SANAY\u0130 VE T\u0130CARET L\u0130M\u0130TED \u015e\u0130RKET\u0130 (\u201c\u015eirket\u201d), ki\u015fisel [&hellip;]<\/p>","protected":false},"author":1,"featured_media":0,"parent":0,"menu_order":0,"comment_status":"closed","ping_status":"closed","template":"","meta":{"footnotes":""},"class_list":["post-444","page","type-page","status-publish","hentry"],"_links":{"self":[{"href":"https:\/\/zieno.com.tr\/ar\/wp-json\/wp\/v2\/pages\/444","targetHints":{"allow":["GET"]}}],"collection":[{"href":"https:\/\/zieno.com.tr\/ar\/wp-json\/wp\/v2\/pages"}],"about":[{"href":"https:\/\/zieno.com.tr\/ar\/wp-json\/wp\/v2\/types\/page"}],"author":[{"embeddable":true,"href":"https:\/\/zieno.com.tr\/ar\/wp-json\/wp\/v2\/users\/1"}],"replies":[{"embeddable":true,"href":"https:\/\/zieno.com.tr\/ar\/wp-json\/wp\/v2\/comments?post=444"}],"version-history":[{"count":0,"href":"https:\/\/zieno.com.tr\/ar\/wp-json\/wp\/v2\/pages\/444\/revisions"}],"wp:attachment":[{"href":"https:\/\/zieno.com.tr\/ar\/wp-json\/wp\/v2\/media?parent=444"}],"curies":[{"name":"wp","href":"https:\/\/api.w.org\/{rel}","templated":true}]}}