{"id":2120,"date":"2026-01-14T11:55:39","date_gmt":"2026-01-14T11:55:39","guid":{"rendered":"https:\/\/zieno.com.tr\/?page_id=2120"},"modified":"2026-01-14T11:56:01","modified_gmt":"2026-01-14T11:56:01","slug":"%d8%b3%d9%84%d8%b3%d9%84%d8%a9-%d9%81%d9%84%d8%a7%d8%b4","status":"publish","type":"page","link":"https:\/\/zieno.com.tr\/ar\/%d8%b3%d9%84%d8%b3%d9%84%d8%a9-%d9%81%d9%84%d8%a7%d8%b4\/","title":{"rendered":"\u0633\u0644\u0633\u0644\u0629 \u0641\u0644\u0627\u0634"},"content":{"rendered":"<div data-elementor-type=\"wp-page\" data-elementor-id=\"2120\" class=\"elementor elementor-2120\" data-elementor-post-type=\"page\">\n\t\t\t\t<div class=\"elementor-element elementor-element-f531f3b e-con-full e-flex e-con e-parent\" data-id=\"f531f3b\" data-element_type=\"container\">\n\t\t\t\t<div class=\"elementor-element elementor-element-b67dd79 elementor-widget elementor-widget-html\" data-id=\"b67dd79\" data-element_type=\"widget\" data-widget_type=\"html.default\">\n\t\t\t\t\t<!DOCTYPE html>\r\n<html lang=\"tr\">\r\n<head>\r\n    <meta charset=\"UTF-8\">\r\n    <meta name=\"viewport\" content=\"width=device-width, initial-scale=1.0\">\r\n    <title>\u0633\u0644\u0633\u0644\u0629 \u0641\u0644\u0627\u0634 - ZIENO<\/title>\r\n    <link href=\"https:\/\/fonts.googleapis.com\/css2?family=Inter:wght@400;500;600;700&display=swap\" rel=\"stylesheet\">\r\n    <link href=\"https:\/\/fonts.googleapis.com\/css2?family=Instrument+Serif:ital@0;1&display=swap\" rel=\"stylesheet\">\r\n    <link rel=\"stylesheet\" href=\"https:\/\/cdnjs.cloudflare.com\/ajax\/libs\/font-awesome\/6.4.0\/css\/all.min.css\">\r\n    <style>\r\n        :root {\r\n            --black: #000000;\r\n            --gray: #696D78;\r\n            --light-bg: #edede9;\r\n            --white: #ffffff;\r\n            --border: #e5e5e5;\r\n            --font-main: 'Inter', sans-serif;\r\n            --font-serif: 'Instrument Serif', serif;\r\n        }\r\n\r\n        * {\r\n            box-sizing: border-box;\r\n            margin: 0;\r\n            padding: 0;\r\n        }\r\n\r\n        body {\r\n            font-family: var(--font-main);\r\n            color: var(--black);\r\n            background: var(--white);\r\n            line-height: 1.6;\r\n        }\r\n\r\n        \/* Hero Section *\/\r\n        .product-hero {\r\n            background: var(--light-bg);\r\n            padding: 120px 20px 60px;\r\n            text-align: center;\r\n        }\r\n\r\n        .product-hero h1 {\r\n            font-family: var(--font-serif);\r\n            font-size: 3rem;\r\n            font-weight: 400;\r\n            margin-bottom: 15px;\r\n        }\r\n\r\n        .product-hero p {\r\n            font-size: 1.1rem;\r\n            color: var(--gray);\r\n            max-width: 600px;\r\n            margin: 0 auto;\r\n        }\r\n\r\n        \/* Gallery Section *\/\r\n        .gallery-section {\r\n            max-width: 1400px;\r\n            margin: 60px auto;\r\n            padding: 0 20px;\r\n        }\r\n\r\n        .gallery-grid {\r\n            display: grid;\r\n            grid-template-columns: repeat(2, 1fr);\r\n            gap: 20px;\r\n        }\r\n\r\n        .gallery-item {\r\n            position: relative;\r\n            aspect-ratio: 1\/1;\r\n            background: var(--light-bg);\r\n            border-radius: 8px;\r\n            overflow: hidden;\r\n            border: 1px solid var(--border);\r\n        }\r\n\r\n        .gallery-item img {\r\n            width: 100%;\r\n            height: 100%;\r\n            object-fit: cover;\r\n            transition: transform 0.4s ease;\r\n        }\r\n\r\n        .gallery-item:hover img {\r\n            transform: scale(1.05);\r\n        }\r\n\r\n        .gallery-label {\r\n            position: absolute;\r\n            bottom: 15px;\r\n            left: 15px;\r\n            background: rgba(255, 255, 255, 0.95);\r\n            padding: 8px 16px;\r\n            border-radius: 4px;\r\n            font-size: 0.85rem;\r\n            font-weight: 600;\r\n            color: var(--black);\r\n        }\r\n\r\n        \/* Info Section *\/\r\n        .info-section {\r\n            max-width: 1000px;\r\n            margin: 60px auto;\r\n            padding: 0 20px;\r\n            text-align: center;\r\n        }\r\n\r\n        .info-section h2 {\r\n            font-family: var(--font-serif);\r\n            font-size: 2rem;\r\n            margin-bottom: 20px;\r\n        }\r\n\r\n        .info-section p {\r\n            font-size: 1.05rem;\r\n            color: var(--gray);\r\n            line-height: 1.8;\r\n            margin-bottom: 30px;\r\n        }\r\n\r\n        .cta-button {\r\n            display: inline-flex;\r\n            align-items: center;\r\n            gap: 8px;\r\n            background: var(--black);\r\n            color: var(--white);\r\n            padding: 14px 32px;\r\n            border-radius: 4px;\r\n            text-decoration: none;\r\n            font-weight: 600;\r\n            font-size: 0.95rem;\r\n            transition: all 0.2s ease;\r\n        }\r\n\r\n        .cta-button:hover {\r\n            background: #333;\r\n        }\r\n\r\n        \/* Responsive *\/\r\n        @media (max-width: 768px) {\r\n            .product-hero {\r\n                padding: 100px 20px 40px;\r\n            }\r\n\r\n            .product-hero h1 {\r\n                font-size: 2rem;\r\n            }\r\n\r\n            .gallery-grid {\r\n                grid-template-columns: 1fr;\r\n                gap: 15px;\r\n            }\r\n\r\n            .info-section h2 {\r\n                font-size: 1.5rem;\r\n            }\r\n        }\r\n    <\/style>\r\n<\/head>\r\n<body>\r\n\r\n    <!-- Hero Section -->\r\n    <section class=\"product-hero\">\r\n        <h1>\u0633\u0644\u0633\u0644\u0629 \u0641\u0644\u0627\u0634<\/h1>\r\n        <p>\u062a\u0635\u0645\u064a\u0645 \u0639\u0635\u0631\u064a \u0648\u0631\u0627\u062d\u0629 \u0641\u0627\u0626\u0642\u0629 \u0645\u0639\u0627\u064b. \u0645\u062c\u0645\u0648\u0639\u0629 FLASH \u0627\u0644\u062a\u064a \u062a\u0636\u064a\u0641 \u062f\u064a\u0646\u0627\u0645\u064a\u0643\u064a\u0629 \u0625\u0644\u0649 \u0628\u064a\u0626\u0629 \u0645\u0643\u062a\u0628\u0643.<\/p>\r\n    <\/section>\r\n\r\n    <!-- Gallery Section -->\r\n    <section class=\"gallery-section\">\r\n        <div class=\"gallery-grid\">\r\n            <div class=\"gallery-item\">\r\n                <img decoding=\"async\" src=\"https:\/\/zieno.com.tr\/wp-content\/uploads\/2026\/01\/flash-u1.jpg\" alt=\"\u0641\u0644\u0627\u0634 U1\" loading=\"lazy\">\r\n                <div class=\"gallery-label\">\u0637\u0631\u0627\u0632 U1<\/div>\r\n            <\/div>\r\n            <div class=\"gallery-item\">\r\n                <img decoding=\"async\" src=\"https:\/\/zieno.com.tr\/wp-content\/uploads\/2026\/01\/flash-u2.jpg\" alt=\"\u0641\u0644\u0627\u0634 U2\" loading=\"lazy\">\r\n                <div class=\"gallery-label\">\u0646\u0645\u0648\u0630\u062c U2<\/div>\r\n            <\/div>\r\n            <div class=\"gallery-item\">\r\n                <img decoding=\"async\" src=\"https:\/\/zieno.com.tr\/wp-content\/uploads\/2026\/01\/flash-c1.jpg\" alt=\"\u0641\u0644\u0627\u0634 C1\" loading=\"lazy\">\r\n                <div class=\"gallery-label\">\u0627\u0644\u0637\u0631\u0627\u0632 C1<\/div>\r\n            <\/div>\r\n            <div class=\"gallery-item\">\r\n                <img decoding=\"async\" src=\"https:\/\/zieno.com.tr\/wp-content\/uploads\/2026\/01\/flash-l1.jpg\" alt=\"\u0641\u0644\u0627\u0634 L1\" loading=\"lazy\">\r\n                <div class=\"gallery-label\">\u0627\u0644\u0637\u0631\u0627\u0632 L1<\/div>\r\n            <\/div>\r\n        <\/div>\r\n    <\/section>\r\n\r\n    <!-- Info Section -->\r\n    <section class=\"info-section\">\r\n        <h2>\u0627\u0644\u0645\u064a\u0632\u0627\u062a<\/h2>\r\n        <p>\r\n            \u062a\u0636\u0639 \u0645\u062c\u0645\u0648\u0639\u0629 FLASH \u0645\u0639\u064a\u0627\u0631\u0627\u064b \u062c\u062f\u064a\u062f\u0627\u064b \u0641\u064a \u0627\u0644\u0623\u062b\u0627\u062b \u0627\u0644\u0645\u0643\u062a\u0628\u064a \u0628\u062a\u0635\u0645\u064a\u0645\u0647\u0627 \u0627\u0644\u0645\u0631\u064a\u062d \u0648\u062e\u0637\u0648\u0637\u0647\u0627 \u0627\u0644\u0639\u0635\u0631\u064a\u0629.\r\n            \u0635\u064f\u0646\u0639\u062a FLASH \u0628\u0645\u0648\u0627\u062f \u0639\u0627\u0644\u064a\u0629 \u0627\u0644\u062c\u0648\u062f\u0629 \u0648\u0635\u0646\u0639\u0629 \u062f\u0642\u064a\u0642\u0629\u060c \u0648\u062a\u0648\u0641\u0631 \u0623\u0642\u0635\u0649 \u062f\u0631\u062c\u0627\u062a \u0627\u0644\u0631\u0627\u062d\u0629 \u0641\u064a \u0627\u0644\u0627\u0633\u062a\u062e\u062f\u0627\u0645 \u0637\u0648\u064a\u0644 \u0627\u0644\u0623\u062c\u0644.\r\n        <\/p>\r\n        <a href=\"\/ar\/%d8%a7%d9%84%d8%aa%d9%88%d8%a7%d8%b5%d9%84\/\" class=\"cta-button\">\r\n            \u0627\u062d\u0635\u0644 \u0639\u0644\u0649 \u0639\u0631\u0636 \u0623\u0633\u0639\u0627\u0631\r\n            <i class=\"fa-solid fa-arrow-right\"><\/i>\r\n        <\/a>\r\n    <\/section>\r\n\r\n<\/body>\r\n<\/html>\r\n\t\t\t\t<\/div>\n\t\t\t\t<\/div>\n\t\t\t\t<\/div>","protected":false},"excerpt":{"rendered":"<p>FLASH Serisi &#8211; ZIENO FLASH Serisi Modern tasar\u0131m ve \u00fcst\u00fcn konfor bir arada. Ofis ortam\u0131n\u0131za dinamizm katan FLASH serisi. U1 Model U2 [&hellip;]<\/p>","protected":false},"author":1,"featured_media":0,"parent":0,"menu_order":0,"comment_status":"closed","ping_status":"closed","template":"elementor_header_footer","meta":{"footnotes":""},"class_list":["post-2120","page","type-page","status-publish","hentry"],"_links":{"self":[{"href":"https:\/\/zieno.com.tr\/ar\/wp-json\/wp\/v2\/pages\/2120","targetHints":{"allow":["GET"]}}],"collection":[{"href":"https:\/\/zieno.com.tr\/ar\/wp-json\/wp\/v2\/pages"}],"about":[{"href":"https:\/\/zieno.com.tr\/ar\/wp-json\/wp\/v2\/types\/page"}],"author":[{"embeddable":true,"href":"https:\/\/zieno.com.tr\/ar\/wp-json\/wp\/v2\/users\/1"}],"replies":[{"embeddable":true,"href":"https:\/\/zieno.com.tr\/ar\/wp-json\/wp\/v2\/comments?post=2120"}],"version-history":[{"count":0,"href":"https:\/\/zieno.com.tr\/ar\/wp-json\/wp\/v2\/pages\/2120\/revisions"}],"wp:attachment":[{"href":"https:\/\/zieno.com.tr\/ar\/wp-json\/wp\/v2\/media?parent=2120"}],"curies":[{"name":"wp","href":"https:\/\/api.w.org\/{rel}","templated":true}]}}